{"id":94034,"date":"2025-09-28T20:35:16","date_gmt":"2025-09-28T20:35:16","guid":{"rendered":"https:\/\/casafreitas.pt\/loja\/produto\/candeeiro-pe-modelo-boston-cor-prata-e27-60w-leitor-e14-40w-edm\/"},"modified":"2025-10-24T01:01:30","modified_gmt":"2025-10-24T01:01:30","slug":"candeeiro-pe-modelo-boston-cor-prata-e27-60w-leitor-e14-40w-edm","status":"publish","type":"product","link":"https:\/\/casafreitas.pt\/loja\/produto\/candeeiro-pe-modelo-boston-cor-prata-e27-60w-leitor-e14-40w-edm\/","title":{"rendered":"Candeeiro de p\u00e9 modelo boston cor prata e27 60w e leitor e14 40w edm"},"content":{"rendered":"","protected":false},"excerpt":{"rendered":"<p>Candeeiro de p\u00e9 modelo boston cor prata foco principal e27 pot\u00eancia m\u00e1xima: 60w. e14 leitor m\u00e1ximo pot\u00eancia: 40w tens\u00e3o: 220-230v. 50hz (l\u00e2mpadas n\u00e3o inclu\u00eddas) tamanho: 176cm (altura) edm<\/p>\n","protected":false},"featured_media":94033,"comment_status":"open","ping_status":"closed","template":"","meta":[],"product_brand":[],"product_cat":[17955,18008],"product_tag":[],"class_list":{"0":"post-94034","1":"product","2":"type-product","3":"status-publish","4":"has-post-thumbnail","6":"product_cat-lampadas-de-piso-iluminacao-2","7":"product_cat-iluminacao","9":"first","10":"instock","11":"taxable","12":"shipping-taxable","13":"purchasable","14":"product-type-simple"},"_links":{"self":[{"href":"https:\/\/casafreitas.pt\/loja\/wp-json\/wp\/v2\/product\/94034","targetHints":{"allow":["GET"]}}],"collection":[{"href":"https:\/\/casafreitas.pt\/loja\/wp-json\/wp\/v2\/product"}],"about":[{"href":"https:\/\/casafreitas.pt\/loja\/wp-json\/wp\/v2\/types\/product"}],"replies":[{"embeddable":true,"href":"https:\/\/casafreitas.pt\/loja\/wp-json\/wp\/v2\/comments?post=94034"}],"version-history":[{"count":1,"href":"https:\/\/casafreitas.pt\/loja\/wp-json\/wp\/v2\/product\/94034\/revisions"}],"predecessor-version":[{"id":94035,"href":"https:\/\/casafreitas.pt\/loja\/wp-json\/wp\/v2\/product\/94034\/revisions\/94035"}],"wp:featuredmedia":[{"embeddable":true,"href":"https:\/\/casafreitas.pt\/loja\/wp-json\/wp\/v2\/media\/94033"}],"wp:attachment":[{"href":"https:\/\/casafreitas.pt\/loja\/wp-json\/wp\/v2\/media?parent=94034"}],"wp:term":[{"taxonomy":"product_brand","embeddable":true,"href":"https:\/\/casafreitas.pt\/loja\/wp-json\/wp\/v2\/product_brand?post=94034"},{"taxonomy":"product_cat","embeddable":true,"href":"https:\/\/casafreitas.pt\/loja\/wp-json\/wp\/v2\/product_cat?post=94034"},{"taxonomy":"product_tag","embeddable":true,"href":"https:\/\/casafreitas.pt\/loja\/wp-json\/wp\/v2\/product_tag?post=94034"}],"curies":[{"name":"wp","href":"https:\/\/api.w.org\/{rel}","templated":true}]}}