{"id":94031,"date":"2025-09-28T20:34:55","date_gmt":"2025-09-28T20:34:55","guid":{"rendered":"https:\/\/casafreitas.pt\/loja\/produto\/sapateira-dobravel-6-pares-branca-255-x-345-x-105-cm\/"},"modified":"2025-10-24T01:01:30","modified_gmt":"2025-10-24T01:01:30","slug":"sapateira-dobravel-6-pares-branca-255-x-345-x-105-cm","status":"publish","type":"product","link":"https:\/\/casafreitas.pt\/loja\/produto\/sapateira-dobravel-6-pares-branca-255-x-345-x-105-cm\/","title":{"rendered":"Sapateira dobr\u00e1vel, 6 pares, branca, 25,5 x 34,5 x 105 cm"},"content":{"rendered":"","protected":false},"excerpt":{"rendered":"<p>Sapateira telesc\u00f3pica para 6 pares de sapatos. caixa de pl\u00e1stico r\u00edgido branca com frente transparente, para cal\u00e7ado at\u00e9 ao tamanho 44, f\u00e1cil de montar; dimens\u00f5es dobradas: 25,5 x 34,5 x 17,5 cm; dimens\u00f5es montadas: 25,5 x 34,5 x 105 cm<\/p>\n","protected":false},"featured_media":94030,"comment_status":"open","ping_status":"closed","template":"","meta":[],"product_brand":[],"product_cat":[12851,18003],"product_tag":[],"class_list":{"0":"post-94031","1":"product","2":"type-product","3":"status-publish","4":"has-post-thumbnail","6":"product_cat-moveis-auxiliares-sapadeiras","7":"product_cat-casa-decoracao","9":"first","10":"instock","11":"taxable","12":"shipping-taxable","13":"purchasable","14":"product-type-simple"},"_links":{"self":[{"href":"https:\/\/casafreitas.pt\/loja\/wp-json\/wp\/v2\/product\/94031","targetHints":{"allow":["GET"]}}],"collection":[{"href":"https:\/\/casafreitas.pt\/loja\/wp-json\/wp\/v2\/product"}],"about":[{"href":"https:\/\/casafreitas.pt\/loja\/wp-json\/wp\/v2\/types\/product"}],"replies":[{"embeddable":true,"href":"https:\/\/casafreitas.pt\/loja\/wp-json\/wp\/v2\/comments?post=94031"}],"version-history":[{"count":1,"href":"https:\/\/casafreitas.pt\/loja\/wp-json\/wp\/v2\/product\/94031\/revisions"}],"predecessor-version":[{"id":94032,"href":"https:\/\/casafreitas.pt\/loja\/wp-json\/wp\/v2\/product\/94031\/revisions\/94032"}],"wp:featuredmedia":[{"embeddable":true,"href":"https:\/\/casafreitas.pt\/loja\/wp-json\/wp\/v2\/media\/94030"}],"wp:attachment":[{"href":"https:\/\/casafreitas.pt\/loja\/wp-json\/wp\/v2\/media?parent=94031"}],"wp:term":[{"taxonomy":"product_brand","embeddable":true,"href":"https:\/\/casafreitas.pt\/loja\/wp-json\/wp\/v2\/product_brand?post=94031"},{"taxonomy":"product_cat","embeddable":true,"href":"https:\/\/casafreitas.pt\/loja\/wp-json\/wp\/v2\/product_cat?post=94031"},{"taxonomy":"product_tag","embeddable":true,"href":"https:\/\/casafreitas.pt\/loja\/wp-json\/wp\/v2\/product_tag?post=94031"}],"curies":[{"name":"wp","href":"https:\/\/api.w.org\/{rel}","templated":true}]}}