{"id":94016,"date":"2025-09-28T20:33:46","date_gmt":"2025-09-28T20:33:46","guid":{"rendered":"https:\/\/casafreitas.pt\/loja\/produto\/comoda-com-3-gavetas-cor-branco-natural\/"},"modified":"2025-10-24T01:01:25","modified_gmt":"2025-10-24T01:01:25","slug":"comoda-com-3-gavetas-cor-branco-natural","status":"publish","type":"product","link":"https:\/\/casafreitas.pt\/loja\/produto\/comoda-com-3-gavetas-cor-branco-natural\/","title":{"rendered":"C\u00f3moda com 3 gavetas, cor branco + natural"},"content":{"rendered":"","protected":false},"excerpt":{"rendered":"<p>C\u00f3moda com 3 gavetas. cor branco + natural. material: melamina. cont\u00e9m: deslizadores de metal n\u00e3o remov\u00edveis; pernas abs 10 cm; altura da gaveta 20,5 cm; peso suportado por cada gaveta 5 kg; peso m\u00e1ximo suportado total 20 kg.<\/p>\n","protected":false},"featured_media":94015,"comment_status":"open","ping_status":"closed","template":"","meta":[],"product_brand":[],"product_cat":[12851,18003],"product_tag":[12849],"class_list":{"0":"post-94016","1":"product","2":"type-product","3":"status-publish","4":"has-post-thumbnail","6":"product_cat-moveis-auxiliares-sapadeiras","7":"product_cat-casa-decoracao","8":"product_tag-arkitmobel","10":"first","11":"instock","12":"taxable","13":"shipping-taxable","14":"purchasable","15":"product-type-simple"},"_links":{"self":[{"href":"https:\/\/casafreitas.pt\/loja\/wp-json\/wp\/v2\/product\/94016","targetHints":{"allow":["GET"]}}],"collection":[{"href":"https:\/\/casafreitas.pt\/loja\/wp-json\/wp\/v2\/product"}],"about":[{"href":"https:\/\/casafreitas.pt\/loja\/wp-json\/wp\/v2\/types\/product"}],"replies":[{"embeddable":true,"href":"https:\/\/casafreitas.pt\/loja\/wp-json\/wp\/v2\/comments?post=94016"}],"version-history":[{"count":1,"href":"https:\/\/casafreitas.pt\/loja\/wp-json\/wp\/v2\/product\/94016\/revisions"}],"predecessor-version":[{"id":94017,"href":"https:\/\/casafreitas.pt\/loja\/wp-json\/wp\/v2\/product\/94016\/revisions\/94017"}],"wp:featuredmedia":[{"embeddable":true,"href":"https:\/\/casafreitas.pt\/loja\/wp-json\/wp\/v2\/media\/94015"}],"wp:attachment":[{"href":"https:\/\/casafreitas.pt\/loja\/wp-json\/wp\/v2\/media?parent=94016"}],"wp:term":[{"taxonomy":"product_brand","embeddable":true,"href":"https:\/\/casafreitas.pt\/loja\/wp-json\/wp\/v2\/product_brand?post=94016"},{"taxonomy":"product_cat","embeddable":true,"href":"https:\/\/casafreitas.pt\/loja\/wp-json\/wp\/v2\/product_cat?post=94016"},{"taxonomy":"product_tag","embeddable":true,"href":"https:\/\/casafreitas.pt\/loja\/wp-json\/wp\/v2\/product_tag?post=94016"}],"curies":[{"name":"wp","href":"https:\/\/api.w.org\/{rel}","templated":true}]}}