{"id":93959,"date":"2025-09-28T20:28:58","date_gmt":"2025-09-28T20:28:58","guid":{"rendered":"https:\/\/casafreitas.pt\/loja\/produto\/massa-reparacao-madeira-cor-carvalho-120-g\/"},"modified":"2025-10-24T01:01:05","modified_gmt":"2025-10-24T01:01:05","slug":"massa-reparacao-madeira-cor-carvalho-120-g","status":"publish","type":"product","link":"https:\/\/casafreitas.pt\/loja\/produto\/massa-reparacao-madeira-cor-carvalho-120-g\/","title":{"rendered":"Massa de repara\u00e7\u00e3o de madeira cor carvalho 120 g"},"content":{"rendered":"","protected":false},"excerpt":{"rendered":"<p>Massa de repara\u00e7\u00e3o de madeira carvalho, secagem r\u00e1pida e f\u00e1cil de lixar, 120 g<\/p>\n","protected":false},"featured_media":93958,"comment_status":"open","ping_status":"closed","template":"","meta":[],"product_brand":[],"product_cat":[17606,18004],"product_tag":[12846],"class_list":{"0":"post-93959","1":"product","2":"type-product","3":"status-publish","4":"has-post-thumbnail","6":"product_cat-massas-para-madeira-construcao","7":"product_cat-construcao","8":"product_tag-bakar","10":"first","11":"instock","12":"taxable","13":"shipping-taxable","14":"purchasable","15":"product-type-simple"},"_links":{"self":[{"href":"https:\/\/casafreitas.pt\/loja\/wp-json\/wp\/v2\/product\/93959","targetHints":{"allow":["GET"]}}],"collection":[{"href":"https:\/\/casafreitas.pt\/loja\/wp-json\/wp\/v2\/product"}],"about":[{"href":"https:\/\/casafreitas.pt\/loja\/wp-json\/wp\/v2\/types\/product"}],"replies":[{"embeddable":true,"href":"https:\/\/casafreitas.pt\/loja\/wp-json\/wp\/v2\/comments?post=93959"}],"version-history":[{"count":1,"href":"https:\/\/casafreitas.pt\/loja\/wp-json\/wp\/v2\/product\/93959\/revisions"}],"predecessor-version":[{"id":93960,"href":"https:\/\/casafreitas.pt\/loja\/wp-json\/wp\/v2\/product\/93959\/revisions\/93960"}],"wp:featuredmedia":[{"embeddable":true,"href":"https:\/\/casafreitas.pt\/loja\/wp-json\/wp\/v2\/media\/93958"}],"wp:attachment":[{"href":"https:\/\/casafreitas.pt\/loja\/wp-json\/wp\/v2\/media?parent=93959"}],"wp:term":[{"taxonomy":"product_brand","embeddable":true,"href":"https:\/\/casafreitas.pt\/loja\/wp-json\/wp\/v2\/product_brand?post=93959"},{"taxonomy":"product_cat","embeddable":true,"href":"https:\/\/casafreitas.pt\/loja\/wp-json\/wp\/v2\/product_cat?post=93959"},{"taxonomy":"product_tag","embeddable":true,"href":"https:\/\/casafreitas.pt\/loja\/wp-json\/wp\/v2\/product_tag?post=93959"}],"curies":[{"name":"wp","href":"https:\/\/api.w.org\/{rel}","templated":true}]}}