{"id":93917,"date":"2025-09-28T20:25:11","date_gmt":"2025-09-28T20:25:11","guid":{"rendered":"https:\/\/casafreitas.pt\/loja\/produto\/cimento-cola-extra-2-kg\/"},"modified":"2025-10-24T01:00:55","modified_gmt":"2025-10-24T01:00:55","slug":"cimento-cola-extra-2-kg","status":"publish","type":"product","link":"https:\/\/casafreitas.pt\/loja\/produto\/cimento-cola-extra-2-kg\/","title":{"rendered":"Cimento cola extra 2 kg"},"content":{"rendered":"","protected":false},"excerpt":{"rendered":"<p>Cimento cola extra 2 kg cimento cola porcelanico para coloca\u00e7\u00e3o e colagem de materiais cer\u00e2micos em paredes e ch\u00e3o, azulejos, mosaicos, gr\u00e9s, tijolo, tijolo rustico, gr\u00e9s rustico, tijolo klinker e revestimento de pedra natural insens\u00edvel \u00e0 mudan\u00e7a de cor. clasifica\u00e7\u00e3o c1 segundo en-12004. resistente \u00e0 \u00e1gua e a imers\u00e7\u00f5es. cor branco<\/p>\n","protected":false},"featured_media":93916,"comment_status":"open","ping_status":"closed","template":"","meta":[],"product_brand":[],"product_cat":[17536,18004],"product_tag":[12842],"class_list":{"0":"post-93917","1":"product","2":"type-product","3":"status-publish","4":"has-post-thumbnail","6":"product_cat-cimento-gesso-construcao","7":"product_cat-construcao","8":"product_tag-beissier","10":"first","11":"instock","12":"taxable","13":"shipping-taxable","14":"purchasable","15":"product-type-simple"},"_links":{"self":[{"href":"https:\/\/casafreitas.pt\/loja\/wp-json\/wp\/v2\/product\/93917","targetHints":{"allow":["GET"]}}],"collection":[{"href":"https:\/\/casafreitas.pt\/loja\/wp-json\/wp\/v2\/product"}],"about":[{"href":"https:\/\/casafreitas.pt\/loja\/wp-json\/wp\/v2\/types\/product"}],"replies":[{"embeddable":true,"href":"https:\/\/casafreitas.pt\/loja\/wp-json\/wp\/v2\/comments?post=93917"}],"version-history":[{"count":1,"href":"https:\/\/casafreitas.pt\/loja\/wp-json\/wp\/v2\/product\/93917\/revisions"}],"predecessor-version":[{"id":93918,"href":"https:\/\/casafreitas.pt\/loja\/wp-json\/wp\/v2\/product\/93917\/revisions\/93918"}],"wp:featuredmedia":[{"embeddable":true,"href":"https:\/\/casafreitas.pt\/loja\/wp-json\/wp\/v2\/media\/93916"}],"wp:attachment":[{"href":"https:\/\/casafreitas.pt\/loja\/wp-json\/wp\/v2\/media?parent=93917"}],"wp:term":[{"taxonomy":"product_brand","embeddable":true,"href":"https:\/\/casafreitas.pt\/loja\/wp-json\/wp\/v2\/product_brand?post=93917"},{"taxonomy":"product_cat","embeddable":true,"href":"https:\/\/casafreitas.pt\/loja\/wp-json\/wp\/v2\/product_cat?post=93917"},{"taxonomy":"product_tag","embeddable":true,"href":"https:\/\/casafreitas.pt\/loja\/wp-json\/wp\/v2\/product_tag?post=93917"}],"curies":[{"name":"wp","href":"https:\/\/api.w.org\/{rel}","templated":true}]}}