{"id":93758,"date":"2025-09-27T20:53:41","date_gmt":"2025-09-27T20:53:41","guid":{"rendered":"https:\/\/casafreitas.pt\/loja\/produto\/limpeza-total-500ml-34239-wd40\/"},"modified":"2025-10-24T01:00:48","modified_gmt":"2025-10-24T01:00:48","slug":"limpeza-total-500ml-34239-wd40","status":"publish","type":"product","link":"https:\/\/casafreitas.pt\/loja\/produto\/limpeza-total-500ml-34239-wd40\/","title":{"rendered":"Limpeza total 500ml 34239 wd40"},"content":{"rendered":"","protected":false},"excerpt":{"rendered":"<p>Limpeza total 500ml wd40. tanto se \u00e9s aficionado \u00e0s bicicletas de estrada ou \u00e0s pistas florestais, descubrir\u00e1s que o produto de limpeza total wd40 bike \u00e9 um aliado no momento de limpar a tua bicicleta. com este produto eliminaras de maneira facil e rapida: gorduras, p\u00f3, lama e todo o tipo de sujidade. basta com pulverizar o produto pela biciclete e passar um trapo para retirar os residuos sem esfor\u00e7o deixando um acabado reluzente. al\u00e9m disto, a formula do produto de limpeza total wd40 bike foi desenvolvida para ser compativel com qualquer material da tua bicicleta sem a danificar. instru\u00e7\u00f5es de uso: passar por \u00e1gua a bicicleta. aplicar a limpeza total wd40 bike sem diluir. eliminar a sujidade incrustada com um pano ou escove e por ultimo passar por \u00e1gua. wd40<\/p>\n","protected":false},"featured_media":93757,"comment_status":"open","ping_status":"closed","template":"","meta":[],"product_brand":[],"product_cat":[17909,18010],"product_tag":[],"class_list":{"0":"post-93758","1":"product","2":"type-product","3":"status-publish","4":"has-post-thumbnail","6":"product_cat-limpadores-industrial-limpeza-e-higiene-pessoal","7":"product_cat-limpeza-higiene-pessoal","9":"first","10":"instock","11":"taxable","12":"shipping-taxable","13":"purchasable","14":"product-type-simple"},"_links":{"self":[{"href":"https:\/\/casafreitas.pt\/loja\/wp-json\/wp\/v2\/product\/93758","targetHints":{"allow":["GET"]}}],"collection":[{"href":"https:\/\/casafreitas.pt\/loja\/wp-json\/wp\/v2\/product"}],"about":[{"href":"https:\/\/casafreitas.pt\/loja\/wp-json\/wp\/v2\/types\/product"}],"replies":[{"embeddable":true,"href":"https:\/\/casafreitas.pt\/loja\/wp-json\/wp\/v2\/comments?post=93758"}],"version-history":[{"count":1,"href":"https:\/\/casafreitas.pt\/loja\/wp-json\/wp\/v2\/product\/93758\/revisions"}],"predecessor-version":[{"id":93759,"href":"https:\/\/casafreitas.pt\/loja\/wp-json\/wp\/v2\/product\/93758\/revisions\/93759"}],"wp:featuredmedia":[{"embeddable":true,"href":"https:\/\/casafreitas.pt\/loja\/wp-json\/wp\/v2\/media\/93757"}],"wp:attachment":[{"href":"https:\/\/casafreitas.pt\/loja\/wp-json\/wp\/v2\/media?parent=93758"}],"wp:term":[{"taxonomy":"product_brand","embeddable":true,"href":"https:\/\/casafreitas.pt\/loja\/wp-json\/wp\/v2\/product_brand?post=93758"},{"taxonomy":"product_cat","embeddable":true,"href":"https:\/\/casafreitas.pt\/loja\/wp-json\/wp\/v2\/product_cat?post=93758"},{"taxonomy":"product_tag","embeddable":true,"href":"https:\/\/casafreitas.pt\/loja\/wp-json\/wp\/v2\/product_tag?post=93758"}],"curies":[{"name":"wp","href":"https:\/\/api.w.org\/{rel}","templated":true}]}}