{"id":93619,"date":"2025-09-27T16:06:21","date_gmt":"2025-09-27T16:06:21","guid":{"rendered":"https:\/\/casafreitas.pt\/loja\/produto\/cartucho-para-doseador-aitana-sabao-espuma-jofel\/"},"modified":"2025-10-24T01:00:39","modified_gmt":"2025-10-24T01:00:39","slug":"cartucho-para-doseador-aitana-sabao-espuma-jofel","status":"publish","type":"product","link":"https:\/\/casafreitas.pt\/loja\/produto\/cartucho-para-doseador-aitana-sabao-espuma-jofel\/","title":{"rendered":"Cartucho para doseador aitana sab\u00e3o espuma jofel"},"content":{"rendered":"","protected":false},"excerpt":{"rendered":"<p>Cartucho para doseador aitana sab\u00e3o espuma jofel. semi-r\u00edgidos fabricados em polietileno de alta qualidade e resist\u00eancia, colaps\u00e1veis e recicl\u00e1veis, capacidade de 1l, cada cartucho cont\u00e9m uma v\u00e1lvula incorporada, descart\u00e1vel e n\u00e3o reutiliz\u00e1vel, v\u00e1lvula anti-corrosiva e anti-gotas, uso exclusivo em doseadores aitana multifun\u00e7\u00f5es, intercambi\u00e1vel: possibilidade de alternar ou mudar os cartuchos de gel e espuma entre si. gel e espuma de alta qualidade. certificado e homologa\u00e7\u00e3o para v\u00e1rios tipos de usos, ph neutro e aus\u00eancia de agentes agressivos, carater\u00edsticas: destaca pela grande forma\u00e7\u00e3o de espuma, textura cremosa e suave para as m\u00e3os, cuida, limpa, protege e suaviza a pele. perfume fresco e duradouro. cont\u00e9m agentes hidratantes e suavizantes, dose: 1g de sab\u00e3o, 0,35g de espuma<\/p>\n","protected":false},"featured_media":93618,"comment_status":"open","ping_status":"closed","template":"","meta":[],"product_brand":[],"product_cat":[17905,18010],"product_tag":[],"class_list":{"0":"post-93619","1":"product","2":"type-product","3":"status-publish","4":"has-post-thumbnail","6":"product_cat-lencos-sabonete-para-as-maos-industrial-limpeza-e-higiene-pessoal","7":"product_cat-limpeza-higiene-pessoal","9":"first","10":"instock","11":"taxable","12":"shipping-taxable","13":"purchasable","14":"product-type-simple"},"_links":{"self":[{"href":"https:\/\/casafreitas.pt\/loja\/wp-json\/wp\/v2\/product\/93619","targetHints":{"allow":["GET"]}}],"collection":[{"href":"https:\/\/casafreitas.pt\/loja\/wp-json\/wp\/v2\/product"}],"about":[{"href":"https:\/\/casafreitas.pt\/loja\/wp-json\/wp\/v2\/types\/product"}],"replies":[{"embeddable":true,"href":"https:\/\/casafreitas.pt\/loja\/wp-json\/wp\/v2\/comments?post=93619"}],"version-history":[{"count":1,"href":"https:\/\/casafreitas.pt\/loja\/wp-json\/wp\/v2\/product\/93619\/revisions"}],"predecessor-version":[{"id":93620,"href":"https:\/\/casafreitas.pt\/loja\/wp-json\/wp\/v2\/product\/93619\/revisions\/93620"}],"wp:featuredmedia":[{"embeddable":true,"href":"https:\/\/casafreitas.pt\/loja\/wp-json\/wp\/v2\/media\/93618"}],"wp:attachment":[{"href":"https:\/\/casafreitas.pt\/loja\/wp-json\/wp\/v2\/media?parent=93619"}],"wp:term":[{"taxonomy":"product_brand","embeddable":true,"href":"https:\/\/casafreitas.pt\/loja\/wp-json\/wp\/v2\/product_brand?post=93619"},{"taxonomy":"product_cat","embeddable":true,"href":"https:\/\/casafreitas.pt\/loja\/wp-json\/wp\/v2\/product_cat?post=93619"},{"taxonomy":"product_tag","embeddable":true,"href":"https:\/\/casafreitas.pt\/loja\/wp-json\/wp\/v2\/product_tag?post=93619"}],"curies":[{"name":"wp","href":"https:\/\/api.w.org\/{rel}","templated":true}]}}