{"id":93613,"date":"2025-09-27T16:05:51","date_gmt":"2025-09-27T16:05:51","guid":{"rendered":"https:\/\/casafreitas.pt\/loja\/produto\/limpa-vidros-para-lareiras-500-ml\/"},"modified":"2025-10-24T01:00:39","modified_gmt":"2025-10-24T01:00:39","slug":"limpa-vidros-para-lareiras-500-ml","status":"publish","type":"product","link":"https:\/\/casafreitas.pt\/loja\/produto\/limpa-vidros-para-lareiras-500-ml\/","title":{"rendered":"Limpa vidros para lareiras 500 ml"},"content":{"rendered":"","protected":false},"excerpt":{"rendered":"<p>Remove res\u00edduos de fuligem, gordura e res\u00edduos de alcatr\u00e3o incrustados nas janelas de lareiras e salamandras ou nos tijolos dentro da lareira. modo de usar: aplique, deixe atuar e limpe com um pano h\u00famido. em seguida, seque a superf\u00edcie com um pano humedecido em \u00e1gua fria ou morna<\/p>\n","protected":false},"featured_media":93612,"comment_status":"open","ping_status":"closed","template":"","meta":[],"product_brand":[],"product_cat":[17906,18010],"product_tag":[],"class_list":{"0":"post-93613","1":"product","2":"type-product","3":"status-publish","4":"has-post-thumbnail","6":"product_cat-limpa-vidros-limpeza-e-higiene-pessoal","7":"product_cat-limpeza-higiene-pessoal","9":"first","10":"instock","11":"taxable","12":"shipping-taxable","13":"purchasable","14":"product-type-simple"},"_links":{"self":[{"href":"https:\/\/casafreitas.pt\/loja\/wp-json\/wp\/v2\/product\/93613","targetHints":{"allow":["GET"]}}],"collection":[{"href":"https:\/\/casafreitas.pt\/loja\/wp-json\/wp\/v2\/product"}],"about":[{"href":"https:\/\/casafreitas.pt\/loja\/wp-json\/wp\/v2\/types\/product"}],"replies":[{"embeddable":true,"href":"https:\/\/casafreitas.pt\/loja\/wp-json\/wp\/v2\/comments?post=93613"}],"version-history":[{"count":1,"href":"https:\/\/casafreitas.pt\/loja\/wp-json\/wp\/v2\/product\/93613\/revisions"}],"predecessor-version":[{"id":93614,"href":"https:\/\/casafreitas.pt\/loja\/wp-json\/wp\/v2\/product\/93613\/revisions\/93614"}],"wp:featuredmedia":[{"embeddable":true,"href":"https:\/\/casafreitas.pt\/loja\/wp-json\/wp\/v2\/media\/93612"}],"wp:attachment":[{"href":"https:\/\/casafreitas.pt\/loja\/wp-json\/wp\/v2\/media?parent=93613"}],"wp:term":[{"taxonomy":"product_brand","embeddable":true,"href":"https:\/\/casafreitas.pt\/loja\/wp-json\/wp\/v2\/product_brand?post=93613"},{"taxonomy":"product_cat","embeddable":true,"href":"https:\/\/casafreitas.pt\/loja\/wp-json\/wp\/v2\/product_cat?post=93613"},{"taxonomy":"product_tag","embeddable":true,"href":"https:\/\/casafreitas.pt\/loja\/wp-json\/wp\/v2\/product_tag?post=93613"}],"curies":[{"name":"wp","href":"https:\/\/api.w.org\/{rel}","templated":true}]}}