{"id":93610,"date":"2025-09-27T16:05:35","date_gmt":"2025-09-27T16:05:35","guid":{"rendered":"https:\/\/casafreitas.pt\/loja\/produto\/conjunto-2-luz-led-unica-com-sensor-movimento-inovagoods\/"},"modified":"2025-10-24T01:00:39","modified_gmt":"2025-10-24T01:00:39","slug":"conjunto-2-luz-led-unica-com-sensor-movimento-inovagoods","status":"publish","type":"product","link":"https:\/\/casafreitas.pt\/loja\/produto\/conjunto-2-luz-led-unica-com-sensor-movimento-inovagoods\/","title":{"rendered":"Conjunto 2 luz led \u00fanica com sensor de movimento. inovagoods"},"content":{"rendered":"","protected":false},"excerpt":{"rendered":"<p>Conjunto de 2 unidades de luz led com sensor de movimento (at\u00e9 5m), ledx3 funciona com pilhas 3xaaa (n\u00e3o inclu\u00eddas), bot\u00e3o on\/off, desligamento autom\u00e1tico 30s, adesivo na parte traseira do porta-base permite f\u00e1cil coloca\u00e7\u00e3o, medidas 6,5 x1,6&#215;6,2cm. inovagoods<\/p>\n","protected":false},"featured_media":93609,"comment_status":"open","ping_status":"closed","template":"","meta":[],"product_brand":[],"product_cat":[17963,18008],"product_tag":[],"class_list":{"0":"post-93610","1":"product","2":"type-product","3":"status-publish","4":"has-post-thumbnail","6":"product_cat-pilotos-led-de-noite-iluminacao-2","7":"product_cat-iluminacao","9":"first","10":"instock","11":"taxable","12":"shipping-taxable","13":"purchasable","14":"product-type-simple"},"_links":{"self":[{"href":"https:\/\/casafreitas.pt\/loja\/wp-json\/wp\/v2\/product\/93610","targetHints":{"allow":["GET"]}}],"collection":[{"href":"https:\/\/casafreitas.pt\/loja\/wp-json\/wp\/v2\/product"}],"about":[{"href":"https:\/\/casafreitas.pt\/loja\/wp-json\/wp\/v2\/types\/product"}],"replies":[{"embeddable":true,"href":"https:\/\/casafreitas.pt\/loja\/wp-json\/wp\/v2\/comments?post=93610"}],"version-history":[{"count":1,"href":"https:\/\/casafreitas.pt\/loja\/wp-json\/wp\/v2\/product\/93610\/revisions"}],"predecessor-version":[{"id":93611,"href":"https:\/\/casafreitas.pt\/loja\/wp-json\/wp\/v2\/product\/93610\/revisions\/93611"}],"wp:featuredmedia":[{"embeddable":true,"href":"https:\/\/casafreitas.pt\/loja\/wp-json\/wp\/v2\/media\/93609"}],"wp:attachment":[{"href":"https:\/\/casafreitas.pt\/loja\/wp-json\/wp\/v2\/media?parent=93610"}],"wp:term":[{"taxonomy":"product_brand","embeddable":true,"href":"https:\/\/casafreitas.pt\/loja\/wp-json\/wp\/v2\/product_brand?post=93610"},{"taxonomy":"product_cat","embeddable":true,"href":"https:\/\/casafreitas.pt\/loja\/wp-json\/wp\/v2\/product_cat?post=93610"},{"taxonomy":"product_tag","embeddable":true,"href":"https:\/\/casafreitas.pt\/loja\/wp-json\/wp\/v2\/product_tag?post=93610"}],"curies":[{"name":"wp","href":"https:\/\/api.w.org\/{rel}","templated":true}]}}