{"id":93565,"date":"2025-09-27T16:02:31","date_gmt":"2025-09-27T16:02:31","guid":{"rendered":"https:\/\/casafreitas.pt\/loja\/produto\/armadilha-adesiva-para-baratas-5un-preben-231074-masso\/"},"modified":"2025-10-24T01:00:38","modified_gmt":"2025-10-24T01:00:38","slug":"armadilha-adesiva-para-baratas-5un-preben-231074-masso","status":"publish","type":"product","link":"https:\/\/casafreitas.pt\/loja\/produto\/armadilha-adesiva-para-baratas-5un-preben-231074-masso\/","title":{"rendered":"Armadilha adesiva para baratas 5un preben 231074 mass\u00f3"},"content":{"rendered":"","protected":false},"excerpt":{"rendered":"<p>Armadilha adesiva para baratas 5un atraentes naturais aliment\u00edcios. n\u00e3o cont\u00e9m ativos qu\u00edmicos. uso dom\u00e9stico preben 231074 mass\u00f3<\/p>\n","protected":false},"featured_media":93564,"comment_status":"open","ping_status":"closed","template":"","meta":[],"product_brand":[],"product_cat":[17869,18010],"product_tag":[],"class_list":{"0":"post-93565","1":"product","2":"type-product","3":"status-publish","4":"has-post-thumbnail","6":"product_cat-anti-formigas-cockaquicidas-limpeza-e-higiene-pessoal","7":"product_cat-limpeza-higiene-pessoal","9":"first","10":"instock","11":"taxable","12":"shipping-taxable","13":"purchasable","14":"product-type-simple"},"_links":{"self":[{"href":"https:\/\/casafreitas.pt\/loja\/wp-json\/wp\/v2\/product\/93565","targetHints":{"allow":["GET"]}}],"collection":[{"href":"https:\/\/casafreitas.pt\/loja\/wp-json\/wp\/v2\/product"}],"about":[{"href":"https:\/\/casafreitas.pt\/loja\/wp-json\/wp\/v2\/types\/product"}],"replies":[{"embeddable":true,"href":"https:\/\/casafreitas.pt\/loja\/wp-json\/wp\/v2\/comments?post=93565"}],"version-history":[{"count":1,"href":"https:\/\/casafreitas.pt\/loja\/wp-json\/wp\/v2\/product\/93565\/revisions"}],"predecessor-version":[{"id":93566,"href":"https:\/\/casafreitas.pt\/loja\/wp-json\/wp\/v2\/product\/93565\/revisions\/93566"}],"wp:featuredmedia":[{"embeddable":true,"href":"https:\/\/casafreitas.pt\/loja\/wp-json\/wp\/v2\/media\/93564"}],"wp:attachment":[{"href":"https:\/\/casafreitas.pt\/loja\/wp-json\/wp\/v2\/media?parent=93565"}],"wp:term":[{"taxonomy":"product_brand","embeddable":true,"href":"https:\/\/casafreitas.pt\/loja\/wp-json\/wp\/v2\/product_brand?post=93565"},{"taxonomy":"product_cat","embeddable":true,"href":"https:\/\/casafreitas.pt\/loja\/wp-json\/wp\/v2\/product_cat?post=93565"},{"taxonomy":"product_tag","embeddable":true,"href":"https:\/\/casafreitas.pt\/loja\/wp-json\/wp\/v2\/product_tag?post=93565"}],"curies":[{"name":"wp","href":"https:\/\/api.w.org\/{rel}","templated":true}]}}