{"id":93550,"date":"2025-09-27T16:01:39","date_gmt":"2025-09-27T16:01:39","guid":{"rendered":"https:\/\/casafreitas.pt\/loja\/produto\/armadilha-isco-antiformigas-2x10g-preben-231192n-masso\/"},"modified":"2025-10-24T01:00:38","modified_gmt":"2025-10-24T01:00:38","slug":"armadilha-isco-antiformigas-2x10g-preben-231192n-masso","status":"publish","type":"product","link":"https:\/\/casafreitas.pt\/loja\/produto\/armadilha-isco-antiformigas-2x10g-preben-231192n-masso\/","title":{"rendered":"Armadilha-isco antiformigas 2x10g preben 231192n mass\u00f3"},"content":{"rendered":"","protected":false},"excerpt":{"rendered":"<p>Armadilha-isco antiformigas 2x10g as formigas s\u00e3o atra\u00eddas pelo isco e comem o mesmo. uma vez infetadas contaminam o formigueiro antes de morer. o resto do formigueiro \u00e9 contaminado e deste modo elimina-se a praga preben 231192n mass\u00f3<\/p>\n","protected":false},"featured_media":93549,"comment_status":"open","ping_status":"closed","template":"","meta":[],"product_brand":[],"product_cat":[17869,18010],"product_tag":[],"class_list":{"0":"post-93550","1":"product","2":"type-product","3":"status-publish","4":"has-post-thumbnail","6":"product_cat-anti-formigas-cockaquicidas-limpeza-e-higiene-pessoal","7":"product_cat-limpeza-higiene-pessoal","9":"first","10":"instock","11":"taxable","12":"shipping-taxable","13":"purchasable","14":"product-type-simple"},"_links":{"self":[{"href":"https:\/\/casafreitas.pt\/loja\/wp-json\/wp\/v2\/product\/93550","targetHints":{"allow":["GET"]}}],"collection":[{"href":"https:\/\/casafreitas.pt\/loja\/wp-json\/wp\/v2\/product"}],"about":[{"href":"https:\/\/casafreitas.pt\/loja\/wp-json\/wp\/v2\/types\/product"}],"replies":[{"embeddable":true,"href":"https:\/\/casafreitas.pt\/loja\/wp-json\/wp\/v2\/comments?post=93550"}],"version-history":[{"count":1,"href":"https:\/\/casafreitas.pt\/loja\/wp-json\/wp\/v2\/product\/93550\/revisions"}],"predecessor-version":[{"id":93551,"href":"https:\/\/casafreitas.pt\/loja\/wp-json\/wp\/v2\/product\/93550\/revisions\/93551"}],"wp:featuredmedia":[{"embeddable":true,"href":"https:\/\/casafreitas.pt\/loja\/wp-json\/wp\/v2\/media\/93549"}],"wp:attachment":[{"href":"https:\/\/casafreitas.pt\/loja\/wp-json\/wp\/v2\/media?parent=93550"}],"wp:term":[{"taxonomy":"product_brand","embeddable":true,"href":"https:\/\/casafreitas.pt\/loja\/wp-json\/wp\/v2\/product_brand?post=93550"},{"taxonomy":"product_cat","embeddable":true,"href":"https:\/\/casafreitas.pt\/loja\/wp-json\/wp\/v2\/product_cat?post=93550"},{"taxonomy":"product_tag","embeddable":true,"href":"https:\/\/casafreitas.pt\/loja\/wp-json\/wp\/v2\/product_tag?post=93550"}],"curies":[{"name":"wp","href":"https:\/\/api.w.org\/{rel}","templated":true}]}}