{"id":93511,"date":"2025-09-27T15:51:19","date_gmt":"2025-09-27T15:51:19","guid":{"rendered":"https:\/\/casafreitas.pt\/loja\/produto\/fertilizante-eco-1250ml-agreen\/"},"modified":"2025-10-24T01:00:38","modified_gmt":"2025-10-24T01:00:38","slug":"fertilizante-eco-1250ml-agreen","status":"publish","type":"product","link":"https:\/\/casafreitas.pt\/loja\/produto\/fertilizante-eco-1250ml-agreen\/","title":{"rendered":"Fertilizante eco 1250ml agreen"},"content":{"rendered":"","protected":false},"excerpt":{"rendered":"<p>Fertilizante eco 1250ml agreen. o fertilizante ecol\u00f3gico verdy \u00e9 um complexo nutritivo 100% natural de origem vegetal, utiliz\u00e1vel em agricultura ecol\u00f3gica. apresenta uma lata propor\u00e7\u00e3o de mat\u00e9rica org\u00e1nica junto com nutrientes que promovem uma r\u00e1pida a\u00e7\u00e3o bioestimulante \u00e0 planta, sendo a sua assimila\u00e7\u00e3o f\u00e1cil e r\u00e1pida, para mostra os resultados em muito pouco tempo utiliz\u00e1vel em todo o tipo de plantas e em todas as condi\u00e7\u00f5es: interior, terra\u00e7o, horta e jardim<\/p>\n","protected":false},"featured_media":93510,"comment_status":"open","ping_status":"closed","template":"","meta":[],"product_brand":[],"product_cat":[17837,18009],"product_tag":[],"class_list":{"0":"post-93511","1":"product","2":"type-product","3":"status-publish","4":"has-post-thumbnail","6":"product_cat-fertilizantes-crescimento-jardim-e-espaco-exterior","7":"product_cat-jardim-espaco-exterior","9":"first","10":"instock","11":"taxable","12":"shipping-taxable","13":"purchasable","14":"product-type-simple"},"_links":{"self":[{"href":"https:\/\/casafreitas.pt\/loja\/wp-json\/wp\/v2\/product\/93511","targetHints":{"allow":["GET"]}}],"collection":[{"href":"https:\/\/casafreitas.pt\/loja\/wp-json\/wp\/v2\/product"}],"about":[{"href":"https:\/\/casafreitas.pt\/loja\/wp-json\/wp\/v2\/types\/product"}],"replies":[{"embeddable":true,"href":"https:\/\/casafreitas.pt\/loja\/wp-json\/wp\/v2\/comments?post=93511"}],"version-history":[{"count":1,"href":"https:\/\/casafreitas.pt\/loja\/wp-json\/wp\/v2\/product\/93511\/revisions"}],"predecessor-version":[{"id":93512,"href":"https:\/\/casafreitas.pt\/loja\/wp-json\/wp\/v2\/product\/93511\/revisions\/93512"}],"wp:featuredmedia":[{"embeddable":true,"href":"https:\/\/casafreitas.pt\/loja\/wp-json\/wp\/v2\/media\/93510"}],"wp:attachment":[{"href":"https:\/\/casafreitas.pt\/loja\/wp-json\/wp\/v2\/media?parent=93511"}],"wp:term":[{"taxonomy":"product_brand","embeddable":true,"href":"https:\/\/casafreitas.pt\/loja\/wp-json\/wp\/v2\/product_brand?post=93511"},{"taxonomy":"product_cat","embeddable":true,"href":"https:\/\/casafreitas.pt\/loja\/wp-json\/wp\/v2\/product_cat?post=93511"},{"taxonomy":"product_tag","embeddable":true,"href":"https:\/\/casafreitas.pt\/loja\/wp-json\/wp\/v2\/product_tag?post=93511"}],"curies":[{"name":"wp","href":"https:\/\/api.w.org\/{rel}","templated":true}]}}