{"id":93496,"date":"2025-09-27T15:49:57","date_gmt":"2025-09-27T15:49:57","guid":{"rendered":"https:\/\/casafreitas.pt\/loja\/produto\/saquinhos-anti-tracas-fragancia-roupa-limpa-20-unidades\/"},"modified":"2025-10-24T01:00:37","modified_gmt":"2025-10-24T01:00:37","slug":"saquinhos-anti-tracas-fragancia-roupa-limpa-20-unidades","status":"publish","type":"product","link":"https:\/\/casafreitas.pt\/loja\/produto\/saquinhos-anti-tracas-fragancia-roupa-limpa-20-unidades\/","title":{"rendered":"Saquinhos anti-tra\u00e7as frag\u00e2ncia roupa limpa 20 unidades"},"content":{"rendered":"","protected":false},"excerpt":{"rendered":"<p>Saquinhos anti-tra\u00e7as frag\u00e2ncia roupa limpa 20 unidades<\/p>\n","protected":false},"featured_media":93495,"comment_status":"open","ping_status":"closed","template":"","meta":[],"product_brand":[],"product_cat":[17870,18010],"product_tag":[12818],"class_list":{"0":"post-93496","1":"product","2":"type-product","3":"status-publish","4":"has-post-thumbnail","6":"product_cat-anti-traca-anti-medios-percevejos-limpeza-e-higiene-pessoal","7":"product_cat-limpeza-higiene-pessoal","8":"product_tag-orion","10":"first","11":"instock","12":"taxable","13":"shipping-taxable","14":"purchasable","15":"product-type-simple"},"_links":{"self":[{"href":"https:\/\/casafreitas.pt\/loja\/wp-json\/wp\/v2\/product\/93496","targetHints":{"allow":["GET"]}}],"collection":[{"href":"https:\/\/casafreitas.pt\/loja\/wp-json\/wp\/v2\/product"}],"about":[{"href":"https:\/\/casafreitas.pt\/loja\/wp-json\/wp\/v2\/types\/product"}],"replies":[{"embeddable":true,"href":"https:\/\/casafreitas.pt\/loja\/wp-json\/wp\/v2\/comments?post=93496"}],"version-history":[{"count":1,"href":"https:\/\/casafreitas.pt\/loja\/wp-json\/wp\/v2\/product\/93496\/revisions"}],"predecessor-version":[{"id":93497,"href":"https:\/\/casafreitas.pt\/loja\/wp-json\/wp\/v2\/product\/93496\/revisions\/93497"}],"wp:featuredmedia":[{"embeddable":true,"href":"https:\/\/casafreitas.pt\/loja\/wp-json\/wp\/v2\/media\/93495"}],"wp:attachment":[{"href":"https:\/\/casafreitas.pt\/loja\/wp-json\/wp\/v2\/media?parent=93496"}],"wp:term":[{"taxonomy":"product_brand","embeddable":true,"href":"https:\/\/casafreitas.pt\/loja\/wp-json\/wp\/v2\/product_brand?post=93496"},{"taxonomy":"product_cat","embeddable":true,"href":"https:\/\/casafreitas.pt\/loja\/wp-json\/wp\/v2\/product_cat?post=93496"},{"taxonomy":"product_tag","embeddable":true,"href":"https:\/\/casafreitas.pt\/loja\/wp-json\/wp\/v2\/product_tag?post=93496"}],"curies":[{"name":"wp","href":"https:\/\/api.w.org\/{rel}","templated":true}]}}