{"id":93478,"date":"2025-09-27T15:48:28","date_gmt":"2025-09-27T15:48:28","guid":{"rendered":"https:\/\/casafreitas.pt\/loja\/produto\/repelente-ultra-sonico-mosquitos-plug-in\/"},"modified":"2025-10-24T01:00:37","modified_gmt":"2025-10-24T01:00:37","slug":"repelente-ultra-sonico-mosquitos-plug-in","status":"publish","type":"product","link":"https:\/\/casafreitas.pt\/loja\/produto\/repelente-ultra-sonico-mosquitos-plug-in\/","title":{"rendered":"Repelente ultra-s\u00f3nico de mosquitos plug-in"},"content":{"rendered":"","protected":false},"excerpt":{"rendered":"<p>Repelente ultrass\u00f3nico de mosquitos plug-in para uso interno. protege uma \u00e1rea aproximada de 50 m\u00b2. emite 4 frequ\u00eancias com intensidade ajust\u00e1vel. tem um indicador luminoso e bot\u00e3o liga\/desliga. um som leve pode ser ouvido. ficha 220 &#8211; 240 v<\/p>\n","protected":false},"featured_media":93477,"comment_status":"open","ping_status":"closed","template":"","meta":[],"product_brand":[],"product_cat":[17927,18010],"product_tag":[],"class_list":{"0":"post-93478","1":"product","2":"type-product","3":"status-publish","4":"has-post-thumbnail","6":"product_cat-repelentes-ultrassonicos-limpeza-e-higiene-pessoal","7":"product_cat-limpeza-higiene-pessoal","9":"first","10":"instock","11":"taxable","12":"shipping-taxable","13":"purchasable","14":"product-type-simple"},"_links":{"self":[{"href":"https:\/\/casafreitas.pt\/loja\/wp-json\/wp\/v2\/product\/93478","targetHints":{"allow":["GET"]}}],"collection":[{"href":"https:\/\/casafreitas.pt\/loja\/wp-json\/wp\/v2\/product"}],"about":[{"href":"https:\/\/casafreitas.pt\/loja\/wp-json\/wp\/v2\/types\/product"}],"replies":[{"embeddable":true,"href":"https:\/\/casafreitas.pt\/loja\/wp-json\/wp\/v2\/comments?post=93478"}],"version-history":[{"count":1,"href":"https:\/\/casafreitas.pt\/loja\/wp-json\/wp\/v2\/product\/93478\/revisions"}],"predecessor-version":[{"id":93479,"href":"https:\/\/casafreitas.pt\/loja\/wp-json\/wp\/v2\/product\/93478\/revisions\/93479"}],"wp:featuredmedia":[{"embeddable":true,"href":"https:\/\/casafreitas.pt\/loja\/wp-json\/wp\/v2\/media\/93477"}],"wp:attachment":[{"href":"https:\/\/casafreitas.pt\/loja\/wp-json\/wp\/v2\/media?parent=93478"}],"wp:term":[{"taxonomy":"product_brand","embeddable":true,"href":"https:\/\/casafreitas.pt\/loja\/wp-json\/wp\/v2\/product_brand?post=93478"},{"taxonomy":"product_cat","embeddable":true,"href":"https:\/\/casafreitas.pt\/loja\/wp-json\/wp\/v2\/product_cat?post=93478"},{"taxonomy":"product_tag","embeddable":true,"href":"https:\/\/casafreitas.pt\/loja\/wp-json\/wp\/v2\/product_tag?post=93478"}],"curies":[{"name":"wp","href":"https:\/\/api.w.org\/{rel}","templated":true}]}}