{"id":93475,"date":"2025-09-27T15:48:14","date_gmt":"2025-09-27T15:48:14","guid":{"rendered":"https:\/\/casafreitas.pt\/loja\/produto\/repelente-ultra-sonico-moscas\/"},"modified":"2025-10-24T01:00:37","modified_gmt":"2025-10-24T01:00:37","slug":"repelente-ultra-sonico-moscas","status":"publish","type":"product","link":"https:\/\/casafreitas.pt\/loja\/produto\/repelente-ultra-sonico-moscas\/","title":{"rendered":"Repelente ultra-s\u00f3nico de moscas"},"content":{"rendered":"","protected":false},"excerpt":{"rendered":"<p>Repelente ultrass\u00f3nico de moscas para uso interno. protege uma \u00e1rea aproximada de 20 m\u00b2. transmiss\u00e3o cont\u00ednua 24 horas por dia. ficha 220 &#8211; 240 v<\/p>\n","protected":false},"featured_media":93474,"comment_status":"open","ping_status":"closed","template":"","meta":[],"product_brand":[],"product_cat":[17927,18010],"product_tag":[],"class_list":{"0":"post-93475","1":"product","2":"type-product","3":"status-publish","4":"has-post-thumbnail","6":"product_cat-repelentes-ultrassonicos-limpeza-e-higiene-pessoal","7":"product_cat-limpeza-higiene-pessoal","9":"first","10":"instock","11":"taxable","12":"shipping-taxable","13":"purchasable","14":"product-type-simple"},"_links":{"self":[{"href":"https:\/\/casafreitas.pt\/loja\/wp-json\/wp\/v2\/product\/93475","targetHints":{"allow":["GET"]}}],"collection":[{"href":"https:\/\/casafreitas.pt\/loja\/wp-json\/wp\/v2\/product"}],"about":[{"href":"https:\/\/casafreitas.pt\/loja\/wp-json\/wp\/v2\/types\/product"}],"replies":[{"embeddable":true,"href":"https:\/\/casafreitas.pt\/loja\/wp-json\/wp\/v2\/comments?post=93475"}],"version-history":[{"count":1,"href":"https:\/\/casafreitas.pt\/loja\/wp-json\/wp\/v2\/product\/93475\/revisions"}],"predecessor-version":[{"id":93476,"href":"https:\/\/casafreitas.pt\/loja\/wp-json\/wp\/v2\/product\/93475\/revisions\/93476"}],"wp:featuredmedia":[{"embeddable":true,"href":"https:\/\/casafreitas.pt\/loja\/wp-json\/wp\/v2\/media\/93474"}],"wp:attachment":[{"href":"https:\/\/casafreitas.pt\/loja\/wp-json\/wp\/v2\/media?parent=93475"}],"wp:term":[{"taxonomy":"product_brand","embeddable":true,"href":"https:\/\/casafreitas.pt\/loja\/wp-json\/wp\/v2\/product_brand?post=93475"},{"taxonomy":"product_cat","embeddable":true,"href":"https:\/\/casafreitas.pt\/loja\/wp-json\/wp\/v2\/product_cat?post=93475"},{"taxonomy":"product_tag","embeddable":true,"href":"https:\/\/casafreitas.pt\/loja\/wp-json\/wp\/v2\/product_tag?post=93475"}],"curies":[{"name":"wp","href":"https:\/\/api.w.org\/{rel}","templated":true}]}}