{"id":93472,"date":"2025-09-27T15:47:59","date_gmt":"2025-09-27T15:47:59","guid":{"rendered":"https:\/\/casafreitas.pt\/loja\/produto\/mosquiteiro-enrolavel-branco-140-x-140-cm\/"},"modified":"2025-10-24T01:00:37","modified_gmt":"2025-10-24T01:00:37","slug":"mosquiteiro-enrolavel-branco-140-x-140-cm","status":"publish","type":"product","link":"https:\/\/casafreitas.pt\/loja\/produto\/mosquiteiro-enrolavel-branco-140-x-140-cm\/","title":{"rendered":"Mosquiteiro enrol\u00e1vel, branco, 140 x 140 cm"},"content":{"rendered":"","protected":false},"excerpt":{"rendered":"<p>Mosquiteiro enrol\u00e1vel, tecido em fibra de vidro e estrutura em alum\u00ednio, branco, 140 x 140 cm<\/p>\n","protected":false},"featured_media":93471,"comment_status":"open","ping_status":"closed","template":"","meta":[],"product_brand":[],"product_cat":[17916,18010],"product_tag":[12815],"class_list":{"0":"post-93472","1":"product","2":"type-product","3":"status-publish","4":"has-post-thumbnail","6":"product_cat-mosquiteiras-rede-mosquiteira-limpeza-e-higiene-pessoal","7":"product_cat-limpeza-higiene-pessoal","8":"product_tag-irs","10":"first","11":"instock","12":"taxable","13":"shipping-taxable","14":"purchasable","15":"product-type-simple"},"_links":{"self":[{"href":"https:\/\/casafreitas.pt\/loja\/wp-json\/wp\/v2\/product\/93472","targetHints":{"allow":["GET"]}}],"collection":[{"href":"https:\/\/casafreitas.pt\/loja\/wp-json\/wp\/v2\/product"}],"about":[{"href":"https:\/\/casafreitas.pt\/loja\/wp-json\/wp\/v2\/types\/product"}],"replies":[{"embeddable":true,"href":"https:\/\/casafreitas.pt\/loja\/wp-json\/wp\/v2\/comments?post=93472"}],"version-history":[{"count":1,"href":"https:\/\/casafreitas.pt\/loja\/wp-json\/wp\/v2\/product\/93472\/revisions"}],"predecessor-version":[{"id":93473,"href":"https:\/\/casafreitas.pt\/loja\/wp-json\/wp\/v2\/product\/93472\/revisions\/93473"}],"wp:featuredmedia":[{"embeddable":true,"href":"https:\/\/casafreitas.pt\/loja\/wp-json\/wp\/v2\/media\/93471"}],"wp:attachment":[{"href":"https:\/\/casafreitas.pt\/loja\/wp-json\/wp\/v2\/media?parent=93472"}],"wp:term":[{"taxonomy":"product_brand","embeddable":true,"href":"https:\/\/casafreitas.pt\/loja\/wp-json\/wp\/v2\/product_brand?post=93472"},{"taxonomy":"product_cat","embeddable":true,"href":"https:\/\/casafreitas.pt\/loja\/wp-json\/wp\/v2\/product_cat?post=93472"},{"taxonomy":"product_tag","embeddable":true,"href":"https:\/\/casafreitas.pt\/loja\/wp-json\/wp\/v2\/product_tag?post=93472"}],"curies":[{"name":"wp","href":"https:\/\/api.w.org\/{rel}","templated":true}]}}