{"id":93373,"date":"2025-09-27T15:40:15","date_gmt":"2025-09-27T15:40:15","guid":{"rendered":"https:\/\/casafreitas.pt\/loja\/produto\/preben-fita-adesiva-moscas-4un-231277-masso\/"},"modified":"2025-10-24T01:00:35","modified_gmt":"2025-10-24T01:00:35","slug":"preben-fita-adesiva-moscas-4un-231277-masso","status":"publish","type":"product","link":"https:\/\/casafreitas.pt\/loja\/produto\/preben-fita-adesiva-moscas-4un-231277-masso\/","title":{"rendered":"Preben fita adesiva moscas 4un 231277 mass\u00f3"},"content":{"rendered":"","protected":false},"excerpt":{"rendered":"<p>Preben fita adesiva moscas 4un apanha as moscas gra\u00e7as a um sistema de fitas fabricado com ingredientes aliment\u00edcios. sem inseticida. sem vapores. composi\u00e7\u00e3o: borracha-resina-\u00f3leo mineral 62% + popel (\u00e1gua 38%) 231277 mass\u00f3<\/p>\n","protected":false},"featured_media":93372,"comment_status":"open","ping_status":"closed","template":"","meta":[],"product_brand":[],"product_cat":[17875,18010],"product_tag":[],"class_list":{"0":"post-93373","1":"product","2":"type-product","3":"status-publish","4":"has-post-thumbnail","6":"product_cat-captador-de-insectos-limpeza-e-higiene-pessoal","7":"product_cat-limpeza-higiene-pessoal","9":"first","10":"instock","11":"taxable","12":"shipping-taxable","13":"purchasable","14":"product-type-simple"},"_links":{"self":[{"href":"https:\/\/casafreitas.pt\/loja\/wp-json\/wp\/v2\/product\/93373","targetHints":{"allow":["GET"]}}],"collection":[{"href":"https:\/\/casafreitas.pt\/loja\/wp-json\/wp\/v2\/product"}],"about":[{"href":"https:\/\/casafreitas.pt\/loja\/wp-json\/wp\/v2\/types\/product"}],"replies":[{"embeddable":true,"href":"https:\/\/casafreitas.pt\/loja\/wp-json\/wp\/v2\/comments?post=93373"}],"version-history":[{"count":1,"href":"https:\/\/casafreitas.pt\/loja\/wp-json\/wp\/v2\/product\/93373\/revisions"}],"predecessor-version":[{"id":93374,"href":"https:\/\/casafreitas.pt\/loja\/wp-json\/wp\/v2\/product\/93373\/revisions\/93374"}],"wp:featuredmedia":[{"embeddable":true,"href":"https:\/\/casafreitas.pt\/loja\/wp-json\/wp\/v2\/media\/93372"}],"wp:attachment":[{"href":"https:\/\/casafreitas.pt\/loja\/wp-json\/wp\/v2\/media?parent=93373"}],"wp:term":[{"taxonomy":"product_brand","embeddable":true,"href":"https:\/\/casafreitas.pt\/loja\/wp-json\/wp\/v2\/product_brand?post=93373"},{"taxonomy":"product_cat","embeddable":true,"href":"https:\/\/casafreitas.pt\/loja\/wp-json\/wp\/v2\/product_cat?post=93373"},{"taxonomy":"product_tag","embeddable":true,"href":"https:\/\/casafreitas.pt\/loja\/wp-json\/wp\/v2\/product_tag?post=93373"}],"curies":[{"name":"wp","href":"https:\/\/api.w.org\/{rel}","templated":true}]}}