{"id":93361,"date":"2025-09-27T15:39:12","date_gmt":"2025-09-27T15:39:12","guid":{"rendered":"https:\/\/casafreitas.pt\/loja\/produto\/armadilha-para-lagarta-processionaria-pinheiro-231640-masso\/"},"modified":"2025-10-24T01:00:35","modified_gmt":"2025-10-24T01:00:35","slug":"armadilha-para-lagarta-processionaria-pinheiro-231640-masso","status":"publish","type":"product","link":"https:\/\/casafreitas.pt\/loja\/produto\/armadilha-para-lagarta-processionaria-pinheiro-231640-masso\/","title":{"rendered":"Armadilha para lagarta procession\u00e1ria do pinheiro 231640 mass\u00f3"},"content":{"rendered":"","protected":false},"excerpt":{"rendered":"<p>Armadilha para lagarta procession\u00e1ria do pinheiro. armadilha ecol\u00f3gica de grande capacidade. f\u00e1cil de colocar e manipular. instala-se em pinheiro com presen\u00e7a de casulos da lagarta procession\u00e1ria. desenhada para capturar a lagarta quando desce pelo tronco da \u00e1rvore. n\u00e3o inclui pesticidas. apta para bio controle. 231640 mass\u00f3<\/p>\n","protected":false},"featured_media":93360,"comment_status":"open","ping_status":"closed","template":"","meta":[],"product_brand":[],"product_cat":[17875,18010],"product_tag":[],"class_list":{"0":"post-93361","1":"product","2":"type-product","3":"status-publish","4":"has-post-thumbnail","6":"product_cat-captador-de-insectos-limpeza-e-higiene-pessoal","7":"product_cat-limpeza-higiene-pessoal","9":"first","10":"instock","11":"taxable","12":"shipping-taxable","13":"purchasable","14":"product-type-simple"},"_links":{"self":[{"href":"https:\/\/casafreitas.pt\/loja\/wp-json\/wp\/v2\/product\/93361","targetHints":{"allow":["GET"]}}],"collection":[{"href":"https:\/\/casafreitas.pt\/loja\/wp-json\/wp\/v2\/product"}],"about":[{"href":"https:\/\/casafreitas.pt\/loja\/wp-json\/wp\/v2\/types\/product"}],"replies":[{"embeddable":true,"href":"https:\/\/casafreitas.pt\/loja\/wp-json\/wp\/v2\/comments?post=93361"}],"version-history":[{"count":1,"href":"https:\/\/casafreitas.pt\/loja\/wp-json\/wp\/v2\/product\/93361\/revisions"}],"predecessor-version":[{"id":93362,"href":"https:\/\/casafreitas.pt\/loja\/wp-json\/wp\/v2\/product\/93361\/revisions\/93362"}],"wp:featuredmedia":[{"embeddable":true,"href":"https:\/\/casafreitas.pt\/loja\/wp-json\/wp\/v2\/media\/93360"}],"wp:attachment":[{"href":"https:\/\/casafreitas.pt\/loja\/wp-json\/wp\/v2\/media?parent=93361"}],"wp:term":[{"taxonomy":"product_brand","embeddable":true,"href":"https:\/\/casafreitas.pt\/loja\/wp-json\/wp\/v2\/product_brand?post=93361"},{"taxonomy":"product_cat","embeddable":true,"href":"https:\/\/casafreitas.pt\/loja\/wp-json\/wp\/v2\/product_cat?post=93361"},{"taxonomy":"product_tag","embeddable":true,"href":"https:\/\/casafreitas.pt\/loja\/wp-json\/wp\/v2\/product_tag?post=93361"}],"curies":[{"name":"wp","href":"https:\/\/api.w.org\/{rel}","templated":true}]}}