{"id":93349,"date":"2025-09-27T15:38:14","date_gmt":"2025-09-27T15:38:14","guid":{"rendered":"https:\/\/casafreitas.pt\/loja\/produto\/mosquiteiro-extensivel-branco-70-x-50-cm-2-pecas\/"},"modified":"2025-10-24T01:00:34","modified_gmt":"2025-10-24T01:00:34","slug":"mosquiteiro-extensivel-branco-70-x-50-cm-2-pecas","status":"publish","type":"product","link":"https:\/\/casafreitas.pt\/loja\/produto\/mosquiteiro-extensivel-branco-70-x-50-cm-2-pecas\/","title":{"rendered":"Mosquiteiro extens\u00edvel branco 70 x 50 cm, 2 pe\u00e7as"},"content":{"rendered":"","protected":false},"excerpt":{"rendered":"<p>Mosquiteiro extens\u00edvel branco 70 x 50 cm, duas folhas que se mover\u00e3o horizontalmente ou verticalmente em dire\u00e7\u00f5es opostas at\u00e9 atingir o tamanho m\u00e1ximo: 70=&gt;132 x 50 cm, 50=&gt;92 x 70 cm<\/p>\n","protected":false},"featured_media":93348,"comment_status":"open","ping_status":"closed","template":"","meta":[],"product_brand":[],"product_cat":[17916,18010],"product_tag":[12815],"class_list":{"0":"post-93349","1":"product","2":"type-product","3":"status-publish","4":"has-post-thumbnail","6":"product_cat-mosquiteiras-rede-mosquiteira-limpeza-e-higiene-pessoal","7":"product_cat-limpeza-higiene-pessoal","8":"product_tag-irs","10":"first","11":"instock","12":"taxable","13":"shipping-taxable","14":"purchasable","15":"product-type-simple"},"_links":{"self":[{"href":"https:\/\/casafreitas.pt\/loja\/wp-json\/wp\/v2\/product\/93349","targetHints":{"allow":["GET"]}}],"collection":[{"href":"https:\/\/casafreitas.pt\/loja\/wp-json\/wp\/v2\/product"}],"about":[{"href":"https:\/\/casafreitas.pt\/loja\/wp-json\/wp\/v2\/types\/product"}],"replies":[{"embeddable":true,"href":"https:\/\/casafreitas.pt\/loja\/wp-json\/wp\/v2\/comments?post=93349"}],"version-history":[{"count":1,"href":"https:\/\/casafreitas.pt\/loja\/wp-json\/wp\/v2\/product\/93349\/revisions"}],"predecessor-version":[{"id":93350,"href":"https:\/\/casafreitas.pt\/loja\/wp-json\/wp\/v2\/product\/93349\/revisions\/93350"}],"wp:featuredmedia":[{"embeddable":true,"href":"https:\/\/casafreitas.pt\/loja\/wp-json\/wp\/v2\/media\/93348"}],"wp:attachment":[{"href":"https:\/\/casafreitas.pt\/loja\/wp-json\/wp\/v2\/media?parent=93349"}],"wp:term":[{"taxonomy":"product_brand","embeddable":true,"href":"https:\/\/casafreitas.pt\/loja\/wp-json\/wp\/v2\/product_brand?post=93349"},{"taxonomy":"product_cat","embeddable":true,"href":"https:\/\/casafreitas.pt\/loja\/wp-json\/wp\/v2\/product_cat?post=93349"},{"taxonomy":"product_tag","embeddable":true,"href":"https:\/\/casafreitas.pt\/loja\/wp-json\/wp\/v2\/product_tag?post=93349"}],"curies":[{"name":"wp","href":"https:\/\/api.w.org\/{rel}","templated":true}]}}