{"id":93295,"date":"2025-09-27T15:34:11","date_gmt":"2025-09-27T15:34:11","guid":{"rendered":"https:\/\/casafreitas.pt\/loja\/produto\/armadilha-adesiva-para-ratos-4-unidades\/"},"modified":"2025-10-24T01:00:31","modified_gmt":"2025-10-24T01:00:31","slug":"armadilha-adesiva-para-ratos-4-unidades","status":"publish","type":"product","link":"https:\/\/casafreitas.pt\/loja\/produto\/armadilha-adesiva-para-ratos-4-unidades\/","title":{"rendered":"Armadilha adesiva para ratos, 4 unidades"},"content":{"rendered":"","protected":false},"excerpt":{"rendered":"<p>Armadilha adesiva eficaz para ratos e ratos. pronto a usar, basta remover a folha protetora. sistema f\u00e1cil e limpo. n\u00e3o cont\u00e9m subst\u00e2ncias t\u00f3xicas. resistente \u00e0 humidade. medidas: 21 x 35 cm<\/p>\n","protected":false},"featured_media":93294,"comment_status":"open","ping_status":"closed","template":"","meta":[],"product_brand":[],"product_cat":[17879,18010],"product_tag":[],"class_list":{"0":"post-93295","1":"product","2":"type-product","3":"status-publish","4":"has-post-thumbnail","6":"product_cat-controle-de-roedores-limpeza-e-higiene-pessoal","7":"product_cat-limpeza-higiene-pessoal","9":"first","10":"instock","11":"taxable","12":"shipping-taxable","13":"purchasable","14":"product-type-simple"},"_links":{"self":[{"href":"https:\/\/casafreitas.pt\/loja\/wp-json\/wp\/v2\/product\/93295","targetHints":{"allow":["GET"]}}],"collection":[{"href":"https:\/\/casafreitas.pt\/loja\/wp-json\/wp\/v2\/product"}],"about":[{"href":"https:\/\/casafreitas.pt\/loja\/wp-json\/wp\/v2\/types\/product"}],"replies":[{"embeddable":true,"href":"https:\/\/casafreitas.pt\/loja\/wp-json\/wp\/v2\/comments?post=93295"}],"version-history":[{"count":1,"href":"https:\/\/casafreitas.pt\/loja\/wp-json\/wp\/v2\/product\/93295\/revisions"}],"predecessor-version":[{"id":93296,"href":"https:\/\/casafreitas.pt\/loja\/wp-json\/wp\/v2\/product\/93295\/revisions\/93296"}],"wp:featuredmedia":[{"embeddable":true,"href":"https:\/\/casafreitas.pt\/loja\/wp-json\/wp\/v2\/media\/93294"}],"wp:attachment":[{"href":"https:\/\/casafreitas.pt\/loja\/wp-json\/wp\/v2\/media?parent=93295"}],"wp:term":[{"taxonomy":"product_brand","embeddable":true,"href":"https:\/\/casafreitas.pt\/loja\/wp-json\/wp\/v2\/product_brand?post=93295"},{"taxonomy":"product_cat","embeddable":true,"href":"https:\/\/casafreitas.pt\/loja\/wp-json\/wp\/v2\/product_cat?post=93295"},{"taxonomy":"product_tag","embeddable":true,"href":"https:\/\/casafreitas.pt\/loja\/wp-json\/wp\/v2\/product_tag?post=93295"}],"curies":[{"name":"wp","href":"https:\/\/api.w.org\/{rel}","templated":true}]}}