{"id":93286,"date":"2025-09-27T15:33:31","date_gmt":"2025-09-27T15:33:31","guid":{"rendered":"https:\/\/casafreitas.pt\/loja\/produto\/lampada-remocao-insectos-2-em-1-para-utilizacao-interior-exterior\/"},"modified":"2025-10-24T01:00:31","modified_gmt":"2025-10-24T01:00:31","slug":"lampada-remocao-insectos-2-em-1-para-utilizacao-interior-exterior","status":"publish","type":"product","link":"https:\/\/casafreitas.pt\/loja\/produto\/lampada-remocao-insectos-2-em-1-para-utilizacao-interior-exterior\/","title":{"rendered":"L\u00e2mpada de remo\u00e7\u00e3o de insectos 2 em 1 para utiliza\u00e7\u00e3o no interior e exterior"},"content":{"rendered":"","protected":false},"excerpt":{"rendered":"<p>Abaixador de insectos \/ bulb \u00e1rea de ac\u00e7\u00e3o 30 m\u00b2, 230 v, 5 w, ip20. para utiliza\u00e7\u00e3o no exterior \/ interior. elimina todos os tipos de insectos por descarga el\u00e9ctrica, silencioso. com 4 l\u00e2mpadas de led ultravioleta para os atrair. l\u00e2mpada com 12 leds e ilumina\u00e7\u00e3o m\u00e1xima 380 lm. ecol\u00f3gica, sem emiss\u00e3o de poluentes. dimens\u00f5es \u00f878 mm x 155 mm<\/p>\n","protected":false},"featured_media":93285,"comment_status":"open","ping_status":"closed","template":"","meta":[],"product_brand":[],"product_cat":[17876,18010],"product_tag":[12805],"class_list":{"0":"post-93286","1":"product","2":"type-product","3":"status-publish","4":"has-post-thumbnail","6":"product_cat-captador-de-insectos-eletrico-limpeza-e-higiene-pessoal","7":"product_cat-limpeza-higiene-pessoal","8":"product_tag-jata-hogar","10":"first","11":"instock","12":"taxable","13":"shipping-taxable","14":"purchasable","15":"product-type-simple"},"_links":{"self":[{"href":"https:\/\/casafreitas.pt\/loja\/wp-json\/wp\/v2\/product\/93286","targetHints":{"allow":["GET"]}}],"collection":[{"href":"https:\/\/casafreitas.pt\/loja\/wp-json\/wp\/v2\/product"}],"about":[{"href":"https:\/\/casafreitas.pt\/loja\/wp-json\/wp\/v2\/types\/product"}],"replies":[{"embeddable":true,"href":"https:\/\/casafreitas.pt\/loja\/wp-json\/wp\/v2\/comments?post=93286"}],"version-history":[{"count":1,"href":"https:\/\/casafreitas.pt\/loja\/wp-json\/wp\/v2\/product\/93286\/revisions"}],"predecessor-version":[{"id":93287,"href":"https:\/\/casafreitas.pt\/loja\/wp-json\/wp\/v2\/product\/93286\/revisions\/93287"}],"wp:featuredmedia":[{"embeddable":true,"href":"https:\/\/casafreitas.pt\/loja\/wp-json\/wp\/v2\/media\/93285"}],"wp:attachment":[{"href":"https:\/\/casafreitas.pt\/loja\/wp-json\/wp\/v2\/media?parent=93286"}],"wp:term":[{"taxonomy":"product_brand","embeddable":true,"href":"https:\/\/casafreitas.pt\/loja\/wp-json\/wp\/v2\/product_brand?post=93286"},{"taxonomy":"product_cat","embeddable":true,"href":"https:\/\/casafreitas.pt\/loja\/wp-json\/wp\/v2\/product_cat?post=93286"},{"taxonomy":"product_tag","embeddable":true,"href":"https:\/\/casafreitas.pt\/loja\/wp-json\/wp\/v2\/product_tag?post=93286"}],"curies":[{"name":"wp","href":"https:\/\/api.w.org\/{rel}","templated":true}]}}