{"id":93264,"date":"2025-09-27T15:28:47","date_gmt":"2025-09-27T15:28:47","guid":{"rendered":"https:\/\/casafreitas.pt\/loja\/produto\/gel-seringa-dx3-antiformigas-5g-edm\/"},"modified":"2025-10-24T01:00:31","modified_gmt":"2025-10-24T01:00:31","slug":"gel-seringa-dx3-antiformigas-5g-edm","status":"publish","type":"product","link":"https:\/\/casafreitas.pt\/loja\/produto\/gel-seringa-dx3-antiformigas-5g-edm\/","title":{"rendered":"Gel seringa dx3 antiformigas 5g edm"},"content":{"rendered":"","protected":false},"excerpt":{"rendered":"<p>Gel seringa dx3 antiformigas 5g edm. elimina as principais esp\u00e9cies de formigas comuns e tropicais e os seus formigueiros gra\u00e7as ao efeito domin\u00f3. isca muito saborosa, nutritiva e a\u00e7ucarada que provoca uma ingesta r\u00e1pida com maior mortalidade. incolor, sem odor e n\u00e3o mancha. eficaz at\u00e9 3 meses ap\u00f3s a sua aplica\u00e7\u00e3o<\/p>\n","protected":false},"featured_media":93263,"comment_status":"open","ping_status":"closed","template":"","meta":[],"product_brand":[],"product_cat":[17869,18010],"product_tag":[],"class_list":{"0":"post-93264","1":"product","2":"type-product","3":"status-publish","4":"has-post-thumbnail","6":"product_cat-anti-formigas-cockaquicidas-limpeza-e-higiene-pessoal","7":"product_cat-limpeza-higiene-pessoal","9":"first","10":"instock","11":"taxable","12":"shipping-taxable","13":"purchasable","14":"product-type-simple"},"_links":{"self":[{"href":"https:\/\/casafreitas.pt\/loja\/wp-json\/wp\/v2\/product\/93264","targetHints":{"allow":["GET"]}}],"collection":[{"href":"https:\/\/casafreitas.pt\/loja\/wp-json\/wp\/v2\/product"}],"about":[{"href":"https:\/\/casafreitas.pt\/loja\/wp-json\/wp\/v2\/types\/product"}],"replies":[{"embeddable":true,"href":"https:\/\/casafreitas.pt\/loja\/wp-json\/wp\/v2\/comments?post=93264"}],"version-history":[{"count":1,"href":"https:\/\/casafreitas.pt\/loja\/wp-json\/wp\/v2\/product\/93264\/revisions"}],"predecessor-version":[{"id":93265,"href":"https:\/\/casafreitas.pt\/loja\/wp-json\/wp\/v2\/product\/93264\/revisions\/93265"}],"wp:featuredmedia":[{"embeddable":true,"href":"https:\/\/casafreitas.pt\/loja\/wp-json\/wp\/v2\/media\/93263"}],"wp:attachment":[{"href":"https:\/\/casafreitas.pt\/loja\/wp-json\/wp\/v2\/media?parent=93264"}],"wp:term":[{"taxonomy":"product_brand","embeddable":true,"href":"https:\/\/casafreitas.pt\/loja\/wp-json\/wp\/v2\/product_brand?post=93264"},{"taxonomy":"product_cat","embeddable":true,"href":"https:\/\/casafreitas.pt\/loja\/wp-json\/wp\/v2\/product_cat?post=93264"},{"taxonomy":"product_tag","embeddable":true,"href":"https:\/\/casafreitas.pt\/loja\/wp-json\/wp\/v2\/product_tag?post=93264"}],"curies":[{"name":"wp","href":"https:\/\/api.w.org\/{rel}","templated":true}]}}