{"id":93246,"date":"2025-09-27T15:27:32","date_gmt":"2025-09-27T15:27:32","guid":{"rendered":"https:\/\/casafreitas.pt\/loja\/produto\/ratoeira-black-edition-231701-masso\/"},"modified":"2025-10-24T01:00:31","modified_gmt":"2025-10-24T01:00:31","slug":"ratoeira-black-edition-231701-masso","status":"publish","type":"product","link":"https:\/\/casafreitas.pt\/loja\/produto\/ratoeira-black-edition-231701-masso\/","title":{"rendered":"Ratoeira black edition 231701 mass\u00f3"},"content":{"rendered":"","protected":false},"excerpt":{"rendered":"<p>Ratoeira black edition 231701 mass\u00f3. ratoeira mec\u00e2nica f\u00e1cil de usar. elimina\u00e7\u00e3o higi\u00e9nica e sem contacto. mola muito forte e grande poder de reten\u00e7\u00e3o. para uso em interior e exterior. medidas expositor de mesa: 27,5&#215;21,5x23cm (largura\/profundidade\/altura)<\/p>\n","protected":false},"featured_media":93245,"comment_status":"open","ping_status":"closed","template":"","meta":[],"product_brand":[],"product_cat":[17879,18010],"product_tag":[],"class_list":{"0":"post-93246","1":"product","2":"type-product","3":"status-publish","4":"has-post-thumbnail","6":"product_cat-controle-de-roedores-limpeza-e-higiene-pessoal","7":"product_cat-limpeza-higiene-pessoal","9":"first","10":"instock","11":"taxable","12":"shipping-taxable","13":"purchasable","14":"product-type-simple"},"_links":{"self":[{"href":"https:\/\/casafreitas.pt\/loja\/wp-json\/wp\/v2\/product\/93246","targetHints":{"allow":["GET"]}}],"collection":[{"href":"https:\/\/casafreitas.pt\/loja\/wp-json\/wp\/v2\/product"}],"about":[{"href":"https:\/\/casafreitas.pt\/loja\/wp-json\/wp\/v2\/types\/product"}],"replies":[{"embeddable":true,"href":"https:\/\/casafreitas.pt\/loja\/wp-json\/wp\/v2\/comments?post=93246"}],"version-history":[{"count":1,"href":"https:\/\/casafreitas.pt\/loja\/wp-json\/wp\/v2\/product\/93246\/revisions"}],"predecessor-version":[{"id":93247,"href":"https:\/\/casafreitas.pt\/loja\/wp-json\/wp\/v2\/product\/93246\/revisions\/93247"}],"wp:featuredmedia":[{"embeddable":true,"href":"https:\/\/casafreitas.pt\/loja\/wp-json\/wp\/v2\/media\/93245"}],"wp:attachment":[{"href":"https:\/\/casafreitas.pt\/loja\/wp-json\/wp\/v2\/media?parent=93246"}],"wp:term":[{"taxonomy":"product_brand","embeddable":true,"href":"https:\/\/casafreitas.pt\/loja\/wp-json\/wp\/v2\/product_brand?post=93246"},{"taxonomy":"product_cat","embeddable":true,"href":"https:\/\/casafreitas.pt\/loja\/wp-json\/wp\/v2\/product_cat?post=93246"},{"taxonomy":"product_tag","embeddable":true,"href":"https:\/\/casafreitas.pt\/loja\/wp-json\/wp\/v2\/product_tag?post=93246"}],"curies":[{"name":"wp","href":"https:\/\/api.w.org\/{rel}","templated":true}]}}