{"id":93237,"date":"2025-09-27T15:26:59","date_gmt":"2025-09-27T15:26:59","guid":{"rendered":"https:\/\/casafreitas.pt\/loja\/produto\/mata-insetos-inzzzector4-led-u-v-weitech\/"},"modified":"2025-10-24T01:00:30","modified_gmt":"2025-10-24T01:00:30","slug":"mata-insetos-inzzzector4-led-u-v-weitech","status":"publish","type":"product","link":"https:\/\/casafreitas.pt\/loja\/produto\/mata-insetos-inzzzector4-led-u-v-weitech\/","title":{"rendered":"Mata-insetos inzzzector4 led u.v. weitech"},"content":{"rendered":"","protected":false},"excerpt":{"rendered":"<p>Mata-insetos inzzzector4 led u.v. weitech. os insetos s\u00e3o atraidos pela luz led ultravioleta, e eletrocutados. sem odores, silencioso, baixo consumo 1,5w, liga-se diretamente \u00e0 ficha com rota\u00e7\u00e3o 90\u00ba, efici\u00eancia sem qu\u00edmicos. pode ser usado tanto de dia como de noite. para interiores. efetivo contra moscas, mosquitos, mosquitos tigre, tra\u00e7as, etc. alcance: 20m\u00b2. alimenta\u00e7\u00e3o: 220-240v-50hz.vida \u00fatil: 10.000 horas<\/p>\n","protected":false},"featured_media":93236,"comment_status":"open","ping_status":"closed","template":"","meta":[],"product_brand":[],"product_cat":[17876,18010],"product_tag":[],"class_list":{"0":"post-93237","1":"product","2":"type-product","3":"status-publish","4":"has-post-thumbnail","6":"product_cat-captador-de-insectos-eletrico-limpeza-e-higiene-pessoal","7":"product_cat-limpeza-higiene-pessoal","9":"first","10":"instock","11":"taxable","12":"shipping-taxable","13":"purchasable","14":"product-type-simple"},"_links":{"self":[{"href":"https:\/\/casafreitas.pt\/loja\/wp-json\/wp\/v2\/product\/93237","targetHints":{"allow":["GET"]}}],"collection":[{"href":"https:\/\/casafreitas.pt\/loja\/wp-json\/wp\/v2\/product"}],"about":[{"href":"https:\/\/casafreitas.pt\/loja\/wp-json\/wp\/v2\/types\/product"}],"replies":[{"embeddable":true,"href":"https:\/\/casafreitas.pt\/loja\/wp-json\/wp\/v2\/comments?post=93237"}],"version-history":[{"count":1,"href":"https:\/\/casafreitas.pt\/loja\/wp-json\/wp\/v2\/product\/93237\/revisions"}],"predecessor-version":[{"id":93238,"href":"https:\/\/casafreitas.pt\/loja\/wp-json\/wp\/v2\/product\/93237\/revisions\/93238"}],"wp:featuredmedia":[{"embeddable":true,"href":"https:\/\/casafreitas.pt\/loja\/wp-json\/wp\/v2\/media\/93236"}],"wp:attachment":[{"href":"https:\/\/casafreitas.pt\/loja\/wp-json\/wp\/v2\/media?parent=93237"}],"wp:term":[{"taxonomy":"product_brand","embeddable":true,"href":"https:\/\/casafreitas.pt\/loja\/wp-json\/wp\/v2\/product_brand?post=93237"},{"taxonomy":"product_cat","embeddable":true,"href":"https:\/\/casafreitas.pt\/loja\/wp-json\/wp\/v2\/product_cat?post=93237"},{"taxonomy":"product_tag","embeddable":true,"href":"https:\/\/casafreitas.pt\/loja\/wp-json\/wp\/v2\/product_tag?post=93237"}],"curies":[{"name":"wp","href":"https:\/\/api.w.org\/{rel}","templated":true}]}}