{"id":93231,"date":"2025-09-27T15:26:35","date_gmt":"2025-09-27T15:26:35","guid":{"rendered":"https:\/\/casafreitas.pt\/loja\/produto\/afugentador-sonoro-para-passaros-com-flash-weitech\/"},"modified":"2025-10-24T01:00:30","modified_gmt":"2025-10-24T01:00:30","slug":"afugentador-sonoro-para-passaros-com-flash-weitech","status":"publish","type":"product","link":"https:\/\/casafreitas.pt\/loja\/produto\/afugentador-sonoro-para-passaros-com-flash-weitech\/","title":{"rendered":"Afugentador sonoro para p\u00e1ssaros com flash weitech"},"content":{"rendered":"","protected":false},"excerpt":{"rendered":"<p>Afugentador sonoro para p\u00e1ssaros com flash weitech. imita o canto dos p\u00e1ssaros depredadores para afugentar os p\u00e1ssaros dos p\u00e1tios, janelas, varandas, jardins, \u00e1rvores frutais, etc. inclui flash para incrementar a sua efic\u00e1cia. funciona com 4xaa (pilhas n\u00e3o inclu\u00eddas) ou adaptador 240v. uso exterior. funciona automaticamente ou mediante detetor de movimento<\/p>\n","protected":false},"featured_media":93230,"comment_status":"open","ping_status":"closed","template":"","meta":[],"product_brand":[],"product_cat":[17927,18010],"product_tag":[],"class_list":{"0":"post-93231","1":"product","2":"type-product","3":"status-publish","4":"has-post-thumbnail","6":"product_cat-repelentes-ultrassonicos-limpeza-e-higiene-pessoal","7":"product_cat-limpeza-higiene-pessoal","9":"first","10":"instock","11":"taxable","12":"shipping-taxable","13":"purchasable","14":"product-type-simple"},"_links":{"self":[{"href":"https:\/\/casafreitas.pt\/loja\/wp-json\/wp\/v2\/product\/93231","targetHints":{"allow":["GET"]}}],"collection":[{"href":"https:\/\/casafreitas.pt\/loja\/wp-json\/wp\/v2\/product"}],"about":[{"href":"https:\/\/casafreitas.pt\/loja\/wp-json\/wp\/v2\/types\/product"}],"replies":[{"embeddable":true,"href":"https:\/\/casafreitas.pt\/loja\/wp-json\/wp\/v2\/comments?post=93231"}],"version-history":[{"count":1,"href":"https:\/\/casafreitas.pt\/loja\/wp-json\/wp\/v2\/product\/93231\/revisions"}],"predecessor-version":[{"id":93232,"href":"https:\/\/casafreitas.pt\/loja\/wp-json\/wp\/v2\/product\/93231\/revisions\/93232"}],"wp:featuredmedia":[{"embeddable":true,"href":"https:\/\/casafreitas.pt\/loja\/wp-json\/wp\/v2\/media\/93230"}],"wp:attachment":[{"href":"https:\/\/casafreitas.pt\/loja\/wp-json\/wp\/v2\/media?parent=93231"}],"wp:term":[{"taxonomy":"product_brand","embeddable":true,"href":"https:\/\/casafreitas.pt\/loja\/wp-json\/wp\/v2\/product_brand?post=93231"},{"taxonomy":"product_cat","embeddable":true,"href":"https:\/\/casafreitas.pt\/loja\/wp-json\/wp\/v2\/product_cat?post=93231"},{"taxonomy":"product_tag","embeddable":true,"href":"https:\/\/casafreitas.pt\/loja\/wp-json\/wp\/v2\/product_tag?post=93231"}],"curies":[{"name":"wp","href":"https:\/\/api.w.org\/{rel}","templated":true}]}}