{"id":93228,"date":"2025-09-27T15:26:23","date_gmt":"2025-09-27T15:26:23","guid":{"rendered":"https:\/\/casafreitas.pt\/loja\/produto\/adaptador-para-afugentador-animais-06128-weitech\/"},"modified":"2025-10-24T01:00:30","modified_gmt":"2025-10-24T01:00:30","slug":"adaptador-para-afugentador-animais-06128-weitech","status":"publish","type":"product","link":"https:\/\/casafreitas.pt\/loja\/produto\/adaptador-para-afugentador-animais-06128-weitech\/","title":{"rendered":"Adaptador para afugentador de animais 06128 weitech"},"content":{"rendered":"","protected":false},"excerpt":{"rendered":"<p>Adaptador para afugentador de animais 06128 weitech. uso exterior. alimenta\u00e7\u00e3o: ac 90~264v 50hz. pot\u00eancia 5w. ip44<\/p>\n","protected":false},"featured_media":93227,"comment_status":"open","ping_status":"closed","template":"","meta":[],"product_brand":[],"product_cat":[17927,18010],"product_tag":[],"class_list":{"0":"post-93228","1":"product","2":"type-product","3":"status-publish","4":"has-post-thumbnail","6":"product_cat-repelentes-ultrassonicos-limpeza-e-higiene-pessoal","7":"product_cat-limpeza-higiene-pessoal","9":"first","10":"instock","11":"taxable","12":"shipping-taxable","13":"purchasable","14":"product-type-simple"},"_links":{"self":[{"href":"https:\/\/casafreitas.pt\/loja\/wp-json\/wp\/v2\/product\/93228","targetHints":{"allow":["GET"]}}],"collection":[{"href":"https:\/\/casafreitas.pt\/loja\/wp-json\/wp\/v2\/product"}],"about":[{"href":"https:\/\/casafreitas.pt\/loja\/wp-json\/wp\/v2\/types\/product"}],"replies":[{"embeddable":true,"href":"https:\/\/casafreitas.pt\/loja\/wp-json\/wp\/v2\/comments?post=93228"}],"version-history":[{"count":1,"href":"https:\/\/casafreitas.pt\/loja\/wp-json\/wp\/v2\/product\/93228\/revisions"}],"predecessor-version":[{"id":93229,"href":"https:\/\/casafreitas.pt\/loja\/wp-json\/wp\/v2\/product\/93228\/revisions\/93229"}],"wp:featuredmedia":[{"embeddable":true,"href":"https:\/\/casafreitas.pt\/loja\/wp-json\/wp\/v2\/media\/93227"}],"wp:attachment":[{"href":"https:\/\/casafreitas.pt\/loja\/wp-json\/wp\/v2\/media?parent=93228"}],"wp:term":[{"taxonomy":"product_brand","embeddable":true,"href":"https:\/\/casafreitas.pt\/loja\/wp-json\/wp\/v2\/product_brand?post=93228"},{"taxonomy":"product_cat","embeddable":true,"href":"https:\/\/casafreitas.pt\/loja\/wp-json\/wp\/v2\/product_cat?post=93228"},{"taxonomy":"product_tag","embeddable":true,"href":"https:\/\/casafreitas.pt\/loja\/wp-json\/wp\/v2\/product_tag?post=93228"}],"curies":[{"name":"wp","href":"https:\/\/api.w.org\/{rel}","templated":true}]}}