{"id":93225,"date":"2025-09-27T15:26:10","date_gmt":"2025-09-27T15:26:10","guid":{"rendered":"https:\/\/casafreitas.pt\/loja\/produto\/afugentador-animais-externos-ultrasonico-com-flash-weitech\/"},"modified":"2025-10-24T01:00:30","modified_gmt":"2025-10-24T01:00:30","slug":"afugentador-animais-externos-ultrasonico-com-flash-weitech","status":"publish","type":"product","link":"https:\/\/casafreitas.pt\/loja\/produto\/afugentador-animais-externos-ultrasonico-com-flash-weitech\/","title":{"rendered":"Afugentador de animais externos ultras\u00f3nico com flash weitech"},"content":{"rendered":"","protected":false},"excerpt":{"rendered":"<p>Afugentador de animais externos ulras\u00f3nico com flash weitech. afugentador c\u00e3es, gatos, rapousas, coelhos, etc. \u00e1rea de prote\u00e7\u00e3o: 200m\u00b2. funciona com 4 pilhas v ou adaptador 220v-50hz ref.06129<\/p>\n","protected":false},"featured_media":93224,"comment_status":"open","ping_status":"closed","template":"","meta":[],"product_brand":[],"product_cat":[17927,18010],"product_tag":[],"class_list":{"0":"post-93225","1":"product","2":"type-product","3":"status-publish","4":"has-post-thumbnail","6":"product_cat-repelentes-ultrassonicos-limpeza-e-higiene-pessoal","7":"product_cat-limpeza-higiene-pessoal","9":"first","10":"instock","11":"taxable","12":"shipping-taxable","13":"purchasable","14":"product-type-simple"},"_links":{"self":[{"href":"https:\/\/casafreitas.pt\/loja\/wp-json\/wp\/v2\/product\/93225","targetHints":{"allow":["GET"]}}],"collection":[{"href":"https:\/\/casafreitas.pt\/loja\/wp-json\/wp\/v2\/product"}],"about":[{"href":"https:\/\/casafreitas.pt\/loja\/wp-json\/wp\/v2\/types\/product"}],"replies":[{"embeddable":true,"href":"https:\/\/casafreitas.pt\/loja\/wp-json\/wp\/v2\/comments?post=93225"}],"version-history":[{"count":1,"href":"https:\/\/casafreitas.pt\/loja\/wp-json\/wp\/v2\/product\/93225\/revisions"}],"predecessor-version":[{"id":93226,"href":"https:\/\/casafreitas.pt\/loja\/wp-json\/wp\/v2\/product\/93225\/revisions\/93226"}],"wp:featuredmedia":[{"embeddable":true,"href":"https:\/\/casafreitas.pt\/loja\/wp-json\/wp\/v2\/media\/93224"}],"wp:attachment":[{"href":"https:\/\/casafreitas.pt\/loja\/wp-json\/wp\/v2\/media?parent=93225"}],"wp:term":[{"taxonomy":"product_brand","embeddable":true,"href":"https:\/\/casafreitas.pt\/loja\/wp-json\/wp\/v2\/product_brand?post=93225"},{"taxonomy":"product_cat","embeddable":true,"href":"https:\/\/casafreitas.pt\/loja\/wp-json\/wp\/v2\/product_cat?post=93225"},{"taxonomy":"product_tag","embeddable":true,"href":"https:\/\/casafreitas.pt\/loja\/wp-json\/wp\/v2\/product_tag?post=93225"}],"curies":[{"name":"wp","href":"https:\/\/api.w.org\/{rel}","templated":true}]}}