{"id":93222,"date":"2025-09-27T15:25:58","date_gmt":"2025-09-27T15:25:58","guid":{"rendered":"https:\/\/casafreitas.pt\/loja\/produto\/repelente-ultrassonico-eletromagnetico-2-em-1-weitech\/"},"modified":"2025-10-24T01:00:30","modified_gmt":"2025-10-24T01:00:30","slug":"repelente-ultrassonico-eletromagnetico-2-em-1-weitech","status":"publish","type":"product","link":"https:\/\/casafreitas.pt\/loja\/produto\/repelente-ultrassonico-eletromagnetico-2-em-1-weitech\/","title":{"rendered":"Repelente ultrass\u00f3nico e eletromagn\u00e9tico 2 em 1 weitech"},"content":{"rendered":"","protected":false},"excerpt":{"rendered":"<p>Repelente ultrass\u00f3nico e eletromagn\u00e9tico 2 em 1 weitech. afugenta pragas e repele-as das casas, andares, garragens, etc. prote\u00e7\u00e3o permanente no interior de paredes. zona protegida: 60m\u00b2. tens\u00e3o: 220-240v 50hz. pot\u00eancia 3,5w<\/p>\n","protected":false},"featured_media":93221,"comment_status":"open","ping_status":"closed","template":"","meta":[],"product_brand":[],"product_cat":[17927,18010],"product_tag":[],"class_list":{"0":"post-93222","1":"product","2":"type-product","3":"status-publish","4":"has-post-thumbnail","6":"product_cat-repelentes-ultrassonicos-limpeza-e-higiene-pessoal","7":"product_cat-limpeza-higiene-pessoal","9":"first","10":"instock","11":"taxable","12":"shipping-taxable","13":"purchasable","14":"product-type-simple"},"_links":{"self":[{"href":"https:\/\/casafreitas.pt\/loja\/wp-json\/wp\/v2\/product\/93222","targetHints":{"allow":["GET"]}}],"collection":[{"href":"https:\/\/casafreitas.pt\/loja\/wp-json\/wp\/v2\/product"}],"about":[{"href":"https:\/\/casafreitas.pt\/loja\/wp-json\/wp\/v2\/types\/product"}],"replies":[{"embeddable":true,"href":"https:\/\/casafreitas.pt\/loja\/wp-json\/wp\/v2\/comments?post=93222"}],"version-history":[{"count":1,"href":"https:\/\/casafreitas.pt\/loja\/wp-json\/wp\/v2\/product\/93222\/revisions"}],"predecessor-version":[{"id":93223,"href":"https:\/\/casafreitas.pt\/loja\/wp-json\/wp\/v2\/product\/93222\/revisions\/93223"}],"wp:featuredmedia":[{"embeddable":true,"href":"https:\/\/casafreitas.pt\/loja\/wp-json\/wp\/v2\/media\/93221"}],"wp:attachment":[{"href":"https:\/\/casafreitas.pt\/loja\/wp-json\/wp\/v2\/media?parent=93222"}],"wp:term":[{"taxonomy":"product_brand","embeddable":true,"href":"https:\/\/casafreitas.pt\/loja\/wp-json\/wp\/v2\/product_brand?post=93222"},{"taxonomy":"product_cat","embeddable":true,"href":"https:\/\/casafreitas.pt\/loja\/wp-json\/wp\/v2\/product_cat?post=93222"},{"taxonomy":"product_tag","embeddable":true,"href":"https:\/\/casafreitas.pt\/loja\/wp-json\/wp\/v2\/product_tag?post=93222"}],"curies":[{"name":"wp","href":"https:\/\/api.w.org\/{rel}","templated":true}]}}