{"id":93216,"date":"2025-09-27T15:25:37","date_gmt":"2025-09-27T15:25:37","guid":{"rendered":"https:\/\/casafreitas.pt\/loja\/produto\/repelente-pragas-ultrassonico-weitech\/"},"modified":"2025-10-24T01:00:30","modified_gmt":"2025-10-24T01:00:30","slug":"repelente-pragas-ultrassonico-weitech","status":"publish","type":"product","link":"https:\/\/casafreitas.pt\/loja\/produto\/repelente-pragas-ultrassonico-weitech\/","title":{"rendered":"Repelente pragas ultrass\u00f3nico weitech"},"content":{"rendered":"","protected":false},"excerpt":{"rendered":"<p>Repelente pragas ultrass\u00f3nico weitech. uso em interiores. repele pequenis roedores (ratos), carra\u00e7as, pulgas, aranhas e insetos rastejantes. supef\u00edcie protegida 45m\u00b2, frequ\u00eancia de emiss\u00e3o: 25 a 80khz. pot\u00eancia 0,7w. tens\u00e3o 220v-50hz. mantenha-o ligado 24 horas ao dia e poder\u00e1 ver os resultados a partir de 2 semanas. \u00e9 seguro para c\u00e3es, gatos, pass\u00e1ros e peixes. manter fora do alcance de crian\u00e7as<\/p>\n","protected":false},"featured_media":93215,"comment_status":"open","ping_status":"closed","template":"","meta":[],"product_brand":[],"product_cat":[17927,18010],"product_tag":[],"class_list":{"0":"post-93216","1":"product","2":"type-product","3":"status-publish","4":"has-post-thumbnail","6":"product_cat-repelentes-ultrassonicos-limpeza-e-higiene-pessoal","7":"product_cat-limpeza-higiene-pessoal","9":"first","10":"instock","11":"taxable","12":"shipping-taxable","13":"purchasable","14":"product-type-simple"},"_links":{"self":[{"href":"https:\/\/casafreitas.pt\/loja\/wp-json\/wp\/v2\/product\/93216","targetHints":{"allow":["GET"]}}],"collection":[{"href":"https:\/\/casafreitas.pt\/loja\/wp-json\/wp\/v2\/product"}],"about":[{"href":"https:\/\/casafreitas.pt\/loja\/wp-json\/wp\/v2\/types\/product"}],"replies":[{"embeddable":true,"href":"https:\/\/casafreitas.pt\/loja\/wp-json\/wp\/v2\/comments?post=93216"}],"version-history":[{"count":1,"href":"https:\/\/casafreitas.pt\/loja\/wp-json\/wp\/v2\/product\/93216\/revisions"}],"predecessor-version":[{"id":93217,"href":"https:\/\/casafreitas.pt\/loja\/wp-json\/wp\/v2\/product\/93216\/revisions\/93217"}],"wp:featuredmedia":[{"embeddable":true,"href":"https:\/\/casafreitas.pt\/loja\/wp-json\/wp\/v2\/media\/93215"}],"wp:attachment":[{"href":"https:\/\/casafreitas.pt\/loja\/wp-json\/wp\/v2\/media?parent=93216"}],"wp:term":[{"taxonomy":"product_brand","embeddable":true,"href":"https:\/\/casafreitas.pt\/loja\/wp-json\/wp\/v2\/product_brand?post=93216"},{"taxonomy":"product_cat","embeddable":true,"href":"https:\/\/casafreitas.pt\/loja\/wp-json\/wp\/v2\/product_cat?post=93216"},{"taxonomy":"product_tag","embeddable":true,"href":"https:\/\/casafreitas.pt\/loja\/wp-json\/wp\/v2\/product_tag?post=93216"}],"curies":[{"name":"wp","href":"https:\/\/api.w.org\/{rel}","templated":true}]}}