{"id":93180,"date":"2025-09-27T15:23:23","date_gmt":"2025-09-27T15:23:23","guid":{"rendered":"https:\/\/casafreitas.pt\/loja\/produto\/rede-anti-passaros-2x5m-ideal-para-arvores-frutiferos\/"},"modified":"2025-10-24T01:00:29","modified_gmt":"2025-10-24T01:00:29","slug":"rede-anti-passaros-2x5m-ideal-para-arvores-frutiferos","status":"publish","type":"product","link":"https:\/\/casafreitas.pt\/loja\/produto\/rede-anti-passaros-2x5m-ideal-para-arvores-frutiferos\/","title":{"rendered":"Rede anti-pass\u00e1ros 2x5m ideal para arvores frut\u00edferos"},"content":{"rendered":"","protected":false},"excerpt":{"rendered":"<p>Rede anti-pass\u00e1ros 2x5m ideal para arvores frut\u00edferos<\/p>\n","protected":false},"featured_media":93179,"comment_status":"open","ping_status":"closed","template":"","meta":[],"product_brand":[],"product_cat":[17924,18010],"product_tag":[],"class_list":{"0":"post-93180","1":"product","2":"type-product","3":"status-publish","4":"has-post-thumbnail","6":"product_cat-rede-anti-passaros-limpeza-e-higiene-pessoal","7":"product_cat-limpeza-higiene-pessoal","9":"first","10":"instock","11":"taxable","12":"shipping-taxable","13":"purchasable","14":"product-type-simple"},"_links":{"self":[{"href":"https:\/\/casafreitas.pt\/loja\/wp-json\/wp\/v2\/product\/93180","targetHints":{"allow":["GET"]}}],"collection":[{"href":"https:\/\/casafreitas.pt\/loja\/wp-json\/wp\/v2\/product"}],"about":[{"href":"https:\/\/casafreitas.pt\/loja\/wp-json\/wp\/v2\/types\/product"}],"replies":[{"embeddable":true,"href":"https:\/\/casafreitas.pt\/loja\/wp-json\/wp\/v2\/comments?post=93180"}],"version-history":[{"count":1,"href":"https:\/\/casafreitas.pt\/loja\/wp-json\/wp\/v2\/product\/93180\/revisions"}],"predecessor-version":[{"id":93181,"href":"https:\/\/casafreitas.pt\/loja\/wp-json\/wp\/v2\/product\/93180\/revisions\/93181"}],"wp:featuredmedia":[{"embeddable":true,"href":"https:\/\/casafreitas.pt\/loja\/wp-json\/wp\/v2\/media\/93179"}],"wp:attachment":[{"href":"https:\/\/casafreitas.pt\/loja\/wp-json\/wp\/v2\/media?parent=93180"}],"wp:term":[{"taxonomy":"product_brand","embeddable":true,"href":"https:\/\/casafreitas.pt\/loja\/wp-json\/wp\/v2\/product_brand?post=93180"},{"taxonomy":"product_cat","embeddable":true,"href":"https:\/\/casafreitas.pt\/loja\/wp-json\/wp\/v2\/product_cat?post=93180"},{"taxonomy":"product_tag","embeddable":true,"href":"https:\/\/casafreitas.pt\/loja\/wp-json\/wp\/v2\/product_tag?post=93180"}],"curies":[{"name":"wp","href":"https:\/\/api.w.org\/{rel}","templated":true}]}}