{"id":93111,"date":"2025-09-27T15:19:13","date_gmt":"2025-09-27T15:19:13","guid":{"rendered":"https:\/\/casafreitas.pt\/loja\/produto\/armadilha-mosquito-20-m%c2%b2-para-interiores\/"},"modified":"2025-10-24T01:00:27","modified_gmt":"2025-10-24T01:00:27","slug":"armadilha-mosquito-20-m%c2%b2-para-interiores","status":"publish","type":"product","link":"https:\/\/casafreitas.pt\/loja\/produto\/armadilha-mosquito-20-m%c2%b2-para-interiores\/","title":{"rendered":"Armadilha mosquito 20 m\u00b2, para interiores"},"content":{"rendered":"","protected":false},"excerpt":{"rendered":"<p>Armadilha para mosquitos \u00e1rea de ac\u00e7\u00e3o 20 m\u00b2. para uso interior. 230 v, 2,5 w. aspirador potente para capturar insectos, silencioso, com 6 l\u00e2mpadas led ultravioletas para os atrair, exterm\u00ednio ecol\u00f3gico por desidrata\u00e7\u00e3o. funciona com cabo usb (inclu\u00eddo), interruptor de alimenta\u00e7\u00e3o, tabuleiro amov\u00edvel e lav\u00e1vel. amigo do ambiente, sem emiss\u00e3o de poluentes. cor preta, dimens\u00f5es 12 x 12 x 22 cm<\/p>\n","protected":false},"featured_media":93110,"comment_status":"open","ping_status":"closed","template":"","meta":[],"product_brand":[],"product_cat":[17876,18010],"product_tag":[12805],"class_list":{"0":"post-93111","1":"product","2":"type-product","3":"status-publish","4":"has-post-thumbnail","6":"product_cat-captador-de-insectos-eletrico-limpeza-e-higiene-pessoal","7":"product_cat-limpeza-higiene-pessoal","8":"product_tag-jata-hogar","10":"first","11":"instock","12":"taxable","13":"shipping-taxable","14":"purchasable","15":"product-type-simple"},"_links":{"self":[{"href":"https:\/\/casafreitas.pt\/loja\/wp-json\/wp\/v2\/product\/93111","targetHints":{"allow":["GET"]}}],"collection":[{"href":"https:\/\/casafreitas.pt\/loja\/wp-json\/wp\/v2\/product"}],"about":[{"href":"https:\/\/casafreitas.pt\/loja\/wp-json\/wp\/v2\/types\/product"}],"replies":[{"embeddable":true,"href":"https:\/\/casafreitas.pt\/loja\/wp-json\/wp\/v2\/comments?post=93111"}],"version-history":[{"count":1,"href":"https:\/\/casafreitas.pt\/loja\/wp-json\/wp\/v2\/product\/93111\/revisions"}],"predecessor-version":[{"id":93112,"href":"https:\/\/casafreitas.pt\/loja\/wp-json\/wp\/v2\/product\/93111\/revisions\/93112"}],"wp:featuredmedia":[{"embeddable":true,"href":"https:\/\/casafreitas.pt\/loja\/wp-json\/wp\/v2\/media\/93110"}],"wp:attachment":[{"href":"https:\/\/casafreitas.pt\/loja\/wp-json\/wp\/v2\/media?parent=93111"}],"wp:term":[{"taxonomy":"product_brand","embeddable":true,"href":"https:\/\/casafreitas.pt\/loja\/wp-json\/wp\/v2\/product_brand?post=93111"},{"taxonomy":"product_cat","embeddable":true,"href":"https:\/\/casafreitas.pt\/loja\/wp-json\/wp\/v2\/product_cat?post=93111"},{"taxonomy":"product_tag","embeddable":true,"href":"https:\/\/casafreitas.pt\/loja\/wp-json\/wp\/v2\/product_tag?post=93111"}],"curies":[{"name":"wp","href":"https:\/\/api.w.org\/{rel}","templated":true}]}}