{"id":93108,"date":"2025-09-27T15:19:02","date_gmt":"2025-09-27T15:19:02","guid":{"rendered":"https:\/\/casafreitas.pt\/loja\/produto\/armadilha-mosquito-5-estimulo-1000-m%c2%b2-para-exterior\/"},"modified":"2025-10-24T01:00:27","modified_gmt":"2025-10-24T01:00:27","slug":"armadilha-mosquito-5-estimulo-1000-m%c2%b2-para-exterior","status":"publish","type":"product","link":"https:\/\/casafreitas.pt\/loja\/produto\/armadilha-mosquito-5-estimulo-1000-m%c2%b2-para-exterior\/","title":{"rendered":"Armadilha mosquito 5 est\u00edmulo, 1000 m\u00b2, para exterior"},"content":{"rendered":"","protected":false},"excerpt":{"rendered":"<p>Armadilha para mosquitos, \u00e1rea de ac\u00e7\u00e3o \u00e9 de 1000 m\u00b2, 230 v, 25 w, 55 db. emite 5 est\u00edmulos: respira\u00e7\u00e3o, transpira\u00e7\u00e3o, h\u00e1lito, calor e luz ultravioleta. elimina\u00e7\u00e3o ecol\u00f3gica por desidrata\u00e7\u00e3o. utiliza\u00e7\u00e3o no exterior. o seu recipiente \u00e9 amov\u00edvel e lav\u00e1vel. inclui 2 cartuchos de atrac\u00e7\u00e3o bio-tech para 30 a 45 dias. pega de transporte e de suspens\u00e3o. amigo do ambiente, sem emiss\u00f5es poluentes. dimens\u00f5es \u00f825 cm x 30 cm<\/p>\n","protected":false},"featured_media":93107,"comment_status":"open","ping_status":"closed","template":"","meta":[],"product_brand":[],"product_cat":[17876,18010],"product_tag":[12805],"class_list":{"0":"post-93108","1":"product","2":"type-product","3":"status-publish","4":"has-post-thumbnail","6":"product_cat-captador-de-insectos-eletrico-limpeza-e-higiene-pessoal","7":"product_cat-limpeza-higiene-pessoal","8":"product_tag-jata-hogar","10":"first","11":"instock","12":"taxable","13":"shipping-taxable","14":"purchasable","15":"product-type-simple"},"_links":{"self":[{"href":"https:\/\/casafreitas.pt\/loja\/wp-json\/wp\/v2\/product\/93108","targetHints":{"allow":["GET"]}}],"collection":[{"href":"https:\/\/casafreitas.pt\/loja\/wp-json\/wp\/v2\/product"}],"about":[{"href":"https:\/\/casafreitas.pt\/loja\/wp-json\/wp\/v2\/types\/product"}],"replies":[{"embeddable":true,"href":"https:\/\/casafreitas.pt\/loja\/wp-json\/wp\/v2\/comments?post=93108"}],"version-history":[{"count":1,"href":"https:\/\/casafreitas.pt\/loja\/wp-json\/wp\/v2\/product\/93108\/revisions"}],"predecessor-version":[{"id":93109,"href":"https:\/\/casafreitas.pt\/loja\/wp-json\/wp\/v2\/product\/93108\/revisions\/93109"}],"wp:featuredmedia":[{"embeddable":true,"href":"https:\/\/casafreitas.pt\/loja\/wp-json\/wp\/v2\/media\/93107"}],"wp:attachment":[{"href":"https:\/\/casafreitas.pt\/loja\/wp-json\/wp\/v2\/media?parent=93108"}],"wp:term":[{"taxonomy":"product_brand","embeddable":true,"href":"https:\/\/casafreitas.pt\/loja\/wp-json\/wp\/v2\/product_brand?post=93108"},{"taxonomy":"product_cat","embeddable":true,"href":"https:\/\/casafreitas.pt\/loja\/wp-json\/wp\/v2\/product_cat?post=93108"},{"taxonomy":"product_tag","embeddable":true,"href":"https:\/\/casafreitas.pt\/loja\/wp-json\/wp\/v2\/product_tag?post=93108"}],"curies":[{"name":"wp","href":"https:\/\/api.w.org\/{rel}","templated":true}]}}