{"id":93084,"date":"2025-09-27T15:17:33","date_gmt":"2025-09-27T15:17:33","guid":{"rendered":"https:\/\/casafreitas.pt\/loja\/produto\/mata-insetos-eletrico-1x6w-25m%c2%b2-o12x30cm-cor-preto-edm\/"},"modified":"2025-10-24T01:00:25","modified_gmt":"2025-10-24T01:00:25","slug":"mata-insetos-eletrico-1x6w-25m%c2%b2-o12x30cm-cor-preto-edm","status":"publish","type":"product","link":"https:\/\/casafreitas.pt\/loja\/produto\/mata-insetos-eletrico-1x6w-25m%c2%b2-o12x30cm-cor-preto-edm\/","title":{"rendered":"Mata insetos el\u00e9trico 1x6w 25m\u00b2 \u00f812x30cm cor preto edm"},"content":{"rendered":"","protected":false},"excerpt":{"rendered":"<p>Mata insetos el\u00e9trico 1x6w uso interior r\u00e1dio de a\u00e7\u00e3o 25m\u00b2 luz ac\u00ednica. tamanho: \u00f812x30cm cor preto. tens\u00e3o: 220-240v edm<\/p>\n","protected":false},"featured_media":93083,"comment_status":"open","ping_status":"closed","template":"","meta":[],"product_brand":[],"product_cat":[17876,18010],"product_tag":[],"class_list":{"0":"post-93084","1":"product","2":"type-product","3":"status-publish","4":"has-post-thumbnail","6":"product_cat-captador-de-insectos-eletrico-limpeza-e-higiene-pessoal","7":"product_cat-limpeza-higiene-pessoal","9":"first","10":"instock","11":"taxable","12":"shipping-taxable","13":"purchasable","14":"product-type-simple"},"_links":{"self":[{"href":"https:\/\/casafreitas.pt\/loja\/wp-json\/wp\/v2\/product\/93084","targetHints":{"allow":["GET"]}}],"collection":[{"href":"https:\/\/casafreitas.pt\/loja\/wp-json\/wp\/v2\/product"}],"about":[{"href":"https:\/\/casafreitas.pt\/loja\/wp-json\/wp\/v2\/types\/product"}],"replies":[{"embeddable":true,"href":"https:\/\/casafreitas.pt\/loja\/wp-json\/wp\/v2\/comments?post=93084"}],"version-history":[{"count":1,"href":"https:\/\/casafreitas.pt\/loja\/wp-json\/wp\/v2\/product\/93084\/revisions"}],"predecessor-version":[{"id":93085,"href":"https:\/\/casafreitas.pt\/loja\/wp-json\/wp\/v2\/product\/93084\/revisions\/93085"}],"wp:featuredmedia":[{"embeddable":true,"href":"https:\/\/casafreitas.pt\/loja\/wp-json\/wp\/v2\/media\/93083"}],"wp:attachment":[{"href":"https:\/\/casafreitas.pt\/loja\/wp-json\/wp\/v2\/media?parent=93084"}],"wp:term":[{"taxonomy":"product_brand","embeddable":true,"href":"https:\/\/casafreitas.pt\/loja\/wp-json\/wp\/v2\/product_brand?post=93084"},{"taxonomy":"product_cat","embeddable":true,"href":"https:\/\/casafreitas.pt\/loja\/wp-json\/wp\/v2\/product_cat?post=93084"},{"taxonomy":"product_tag","embeddable":true,"href":"https:\/\/casafreitas.pt\/loja\/wp-json\/wp\/v2\/product_tag?post=93084"}],"curies":[{"name":"wp","href":"https:\/\/api.w.org\/{rel}","templated":true}]}}