{"id":92991,"date":"2025-09-27T15:11:48","date_gmt":"2025-09-27T15:11:48","guid":{"rendered":"https:\/\/casafreitas.pt\/loja\/produto\/limpa-vidros-para-wc-loano-23-cm-preto-branco\/"},"modified":"2025-11-15T22:03:19","modified_gmt":"2025-11-15T22:03:19","slug":"limpa-vidros-para-wc-loano-23-cm-preto-branco","status":"publish","type":"product","link":"https:\/\/casafreitas.pt\/loja\/produto\/limpa-vidros-para-wc-loano-23-cm-preto-branco\/","title":{"rendered":"Limpa vidros para wc loano 23 cm, preto\/branco"},"content":{"rendered":"","protected":false},"excerpt":{"rendered":"<p>Limpa vidros para wc loano, preto\/branco. com pr\u00e1tico gancho para pendurar. produto para limpeza de banheira e duche. limpeza sem reflexos nas superf\u00edcies lisas, tais como, espelhos, resguardos de banheiras e duches e azulejos. dimens\u00f5es: 23 x 17 cm<\/p>\n","protected":false},"featured_media":92990,"comment_status":"open","ping_status":"closed","template":"","meta":[],"product_brand":[],"product_cat":[17907,18010],"product_tag":[],"class_list":{"0":"post-92991","1":"product","2":"type-product","3":"status-publish","4":"has-post-thumbnail","6":"product_cat-limpa-vidros-haragan-escovas-limpeza-e-higiene-pessoal","7":"product_cat-limpeza-higiene-pessoal","9":"first","10":"instock","11":"taxable","12":"shipping-taxable","13":"purchasable","14":"product-type-simple"},"_links":{"self":[{"href":"https:\/\/casafreitas.pt\/loja\/wp-json\/wp\/v2\/product\/92991","targetHints":{"allow":["GET"]}}],"collection":[{"href":"https:\/\/casafreitas.pt\/loja\/wp-json\/wp\/v2\/product"}],"about":[{"href":"https:\/\/casafreitas.pt\/loja\/wp-json\/wp\/v2\/types\/product"}],"replies":[{"embeddable":true,"href":"https:\/\/casafreitas.pt\/loja\/wp-json\/wp\/v2\/comments?post=92991"}],"version-history":[{"count":1,"href":"https:\/\/casafreitas.pt\/loja\/wp-json\/wp\/v2\/product\/92991\/revisions"}],"predecessor-version":[{"id":92992,"href":"https:\/\/casafreitas.pt\/loja\/wp-json\/wp\/v2\/product\/92991\/revisions\/92992"}],"wp:featuredmedia":[{"embeddable":true,"href":"https:\/\/casafreitas.pt\/loja\/wp-json\/wp\/v2\/media\/92990"}],"wp:attachment":[{"href":"https:\/\/casafreitas.pt\/loja\/wp-json\/wp\/v2\/media?parent=92991"}],"wp:term":[{"taxonomy":"product_brand","embeddable":true,"href":"https:\/\/casafreitas.pt\/loja\/wp-json\/wp\/v2\/product_brand?post=92991"},{"taxonomy":"product_cat","embeddable":true,"href":"https:\/\/casafreitas.pt\/loja\/wp-json\/wp\/v2\/product_cat?post=92991"},{"taxonomy":"product_tag","embeddable":true,"href":"https:\/\/casafreitas.pt\/loja\/wp-json\/wp\/v2\/product_tag?post=92991"}],"curies":[{"name":"wp","href":"https:\/\/api.w.org\/{rel}","templated":true}]}}