{"id":92778,"date":"2025-09-26T13:52:17","date_gmt":"2025-09-26T13:52:17","guid":{"rendered":"https:\/\/casafreitas.pt\/loja\/produto\/mangueira-ar-comprimido-13-kg-cm2\/"},"modified":"2025-10-24T01:00:01","modified_gmt":"2025-10-24T01:00:01","slug":"mangueira-ar-comprimido-13-kg-cm2","status":"publish","type":"product","link":"https:\/\/casafreitas.pt\/loja\/produto\/mangueira-ar-comprimido-13-kg-cm2\/","title":{"rendered":"Mangueira de ar comprimido 13 kg \/ cm2"},"content":{"rendered":"","protected":false},"excerpt":{"rendered":"<p>Kit de pistola de ar comprimido com bico de a\u00e7o de 120 mm, conector t r\u00e1pido com v\u00e1lvula de fechamento autom\u00e1tica de esfera de lat\u00e3o, mangueira espiral de 5 m, press\u00e3o m\u00e1xima &#8211; 13 kg \/ cm\u00b2<\/p>\n","protected":false},"featured_media":92777,"comment_status":"open","ping_status":"closed","template":"","meta":[],"product_brand":[],"product_cat":[11488,17458],"product_tag":[],"class_list":{"0":"post-92778","1":"product","2":"type-product","3":"status-publish","4":"has-post-thumbnail","6":"product_cat-ferramentas","7":"product_cat-kits-y-acessorios-pneumaticos-ferramentas","9":"first","10":"instock","11":"taxable","12":"shipping-taxable","13":"purchasable","14":"product-type-simple"},"_links":{"self":[{"href":"https:\/\/casafreitas.pt\/loja\/wp-json\/wp\/v2\/product\/92778","targetHints":{"allow":["GET"]}}],"collection":[{"href":"https:\/\/casafreitas.pt\/loja\/wp-json\/wp\/v2\/product"}],"about":[{"href":"https:\/\/casafreitas.pt\/loja\/wp-json\/wp\/v2\/types\/product"}],"replies":[{"embeddable":true,"href":"https:\/\/casafreitas.pt\/loja\/wp-json\/wp\/v2\/comments?post=92778"}],"version-history":[{"count":1,"href":"https:\/\/casafreitas.pt\/loja\/wp-json\/wp\/v2\/product\/92778\/revisions"}],"predecessor-version":[{"id":92779,"href":"https:\/\/casafreitas.pt\/loja\/wp-json\/wp\/v2\/product\/92778\/revisions\/92779"}],"wp:featuredmedia":[{"embeddable":true,"href":"https:\/\/casafreitas.pt\/loja\/wp-json\/wp\/v2\/media\/92777"}],"wp:attachment":[{"href":"https:\/\/casafreitas.pt\/loja\/wp-json\/wp\/v2\/media?parent=92778"}],"wp:term":[{"taxonomy":"product_brand","embeddable":true,"href":"https:\/\/casafreitas.pt\/loja\/wp-json\/wp\/v2\/product_brand?post=92778"},{"taxonomy":"product_cat","embeddable":true,"href":"https:\/\/casafreitas.pt\/loja\/wp-json\/wp\/v2\/product_cat?post=92778"},{"taxonomy":"product_tag","embeddable":true,"href":"https:\/\/casafreitas.pt\/loja\/wp-json\/wp\/v2\/product_tag?post=92778"}],"curies":[{"name":"wp","href":"https:\/\/api.w.org\/{rel}","templated":true}]}}