{"id":92757,"date":"2025-09-26T13:51:11","date_gmt":"2025-09-26T13:51:11","guid":{"rendered":"https:\/\/casafreitas.pt\/loja\/produto\/bucha-expansao-duoxpand-fus-o10-x-80-mm-parafusos-o7-x-89-mm-saco-10-unid\/"},"modified":"2025-10-24T00:59:57","modified_gmt":"2025-10-24T00:59:57","slug":"bucha-expansao-duoxpand-fus-o10-x-80-mm-parafusos-o7-x-89-mm-saco-10-unid","status":"publish","type":"product","link":"https:\/\/casafreitas.pt\/loja\/produto\/bucha-expansao-duoxpand-fus-o10-x-80-mm-parafusos-o7-x-89-mm-saco-10-unid\/","title":{"rendered":"Bucha de expans\u00e3o duoxpand fus \u00f810 x 80 mm + parafusos \u00f87 x 89 mm, saco 10 unid"},"content":{"rendered":"","protected":false},"excerpt":{"rendered":"<p>Bucha de expans\u00e3o longo, duoxpand fus \u00f810 x 80 mm + parafusos de cabe\u00e7a hexagonal, \u00f87 x 89 mm, tx40. ideal para fixar interiores como janelas, estruturas met\u00e1licas, etc. carga m\u00e1xima 159 kg. saco 10 unid<\/p>\n","protected":false},"featured_media":92756,"comment_status":"open","ping_status":"closed","template":"","meta":[],"product_brand":[],"product_cat":[17651,18004],"product_tag":[],"class_list":{"0":"post-92757","1":"product","2":"type-product","3":"status-publish","4":"has-post-thumbnail","6":"product_cat-taco-com-parafuso-construcao","7":"product_cat-construcao","9":"first","10":"instock","11":"taxable","12":"shipping-taxable","13":"purchasable","14":"product-type-simple"},"_links":{"self":[{"href":"https:\/\/casafreitas.pt\/loja\/wp-json\/wp\/v2\/product\/92757","targetHints":{"allow":["GET"]}}],"collection":[{"href":"https:\/\/casafreitas.pt\/loja\/wp-json\/wp\/v2\/product"}],"about":[{"href":"https:\/\/casafreitas.pt\/loja\/wp-json\/wp\/v2\/types\/product"}],"replies":[{"embeddable":true,"href":"https:\/\/casafreitas.pt\/loja\/wp-json\/wp\/v2\/comments?post=92757"}],"version-history":[{"count":1,"href":"https:\/\/casafreitas.pt\/loja\/wp-json\/wp\/v2\/product\/92757\/revisions"}],"predecessor-version":[{"id":92758,"href":"https:\/\/casafreitas.pt\/loja\/wp-json\/wp\/v2\/product\/92757\/revisions\/92758"}],"wp:featuredmedia":[{"embeddable":true,"href":"https:\/\/casafreitas.pt\/loja\/wp-json\/wp\/v2\/media\/92756"}],"wp:attachment":[{"href":"https:\/\/casafreitas.pt\/loja\/wp-json\/wp\/v2\/media?parent=92757"}],"wp:term":[{"taxonomy":"product_brand","embeddable":true,"href":"https:\/\/casafreitas.pt\/loja\/wp-json\/wp\/v2\/product_brand?post=92757"},{"taxonomy":"product_cat","embeddable":true,"href":"https:\/\/casafreitas.pt\/loja\/wp-json\/wp\/v2\/product_cat?post=92757"},{"taxonomy":"product_tag","embeddable":true,"href":"https:\/\/casafreitas.pt\/loja\/wp-json\/wp\/v2\/product_tag?post=92757"}],"curies":[{"name":"wp","href":"https:\/\/api.w.org\/{rel}","templated":true}]}}