{"id":92706,"date":"2025-09-26T13:48:29","date_gmt":"2025-09-26T13:48:29","guid":{"rendered":"https:\/\/casafreitas.pt\/loja\/produto\/pregos-o5-x-30-mm-parafuso-cabeca-escareada-o35-x-38-mm-caixa-100-unid\/"},"modified":"2025-10-24T00:59:55","modified_gmt":"2025-10-24T00:59:55","slug":"pregos-o5-x-30-mm-parafuso-cabeca-escareada-o35-x-38-mm-caixa-100-unid","status":"publish","type":"product","link":"https:\/\/casafreitas.pt\/loja\/produto\/pregos-o5-x-30-mm-parafuso-cabeca-escareada-o35-x-38-mm-caixa-100-unid\/","title":{"rendered":"Pregos \u00f85 x 30 mm + parafuso cabe\u00e7a escareada \u00f83,5 x 38 mm, caixa 100 unid"},"content":{"rendered":"","protected":false},"excerpt":{"rendered":"<p>Pregos \u00f85 x 30 mm + parafuso com cabe\u00e7a escareada \u00f83,5 x 38 mm, pz2. comp\u00f5e-se de uma bucha de nylon de alta qualidade e um parafuso galvanizado. ideal para fixar extens\u00e3o el\u00e9trica e constru\u00e7\u00f5es de madeira em todos os materiais de constru\u00e7\u00e3o de interiores. caixa 100 unid<\/p>\n","protected":false},"featured_media":92705,"comment_status":"open","ping_status":"closed","template":"","meta":[],"product_brand":[],"product_cat":[17651,18004],"product_tag":[],"class_list":{"0":"post-92706","1":"product","2":"type-product","3":"status-publish","4":"has-post-thumbnail","6":"product_cat-taco-com-parafuso-construcao","7":"product_cat-construcao","9":"first","10":"instock","11":"taxable","12":"shipping-taxable","13":"purchasable","14":"product-type-simple"},"_links":{"self":[{"href":"https:\/\/casafreitas.pt\/loja\/wp-json\/wp\/v2\/product\/92706","targetHints":{"allow":["GET"]}}],"collection":[{"href":"https:\/\/casafreitas.pt\/loja\/wp-json\/wp\/v2\/product"}],"about":[{"href":"https:\/\/casafreitas.pt\/loja\/wp-json\/wp\/v2\/types\/product"}],"replies":[{"embeddable":true,"href":"https:\/\/casafreitas.pt\/loja\/wp-json\/wp\/v2\/comments?post=92706"}],"version-history":[{"count":1,"href":"https:\/\/casafreitas.pt\/loja\/wp-json\/wp\/v2\/product\/92706\/revisions"}],"predecessor-version":[{"id":92707,"href":"https:\/\/casafreitas.pt\/loja\/wp-json\/wp\/v2\/product\/92706\/revisions\/92707"}],"wp:featuredmedia":[{"embeddable":true,"href":"https:\/\/casafreitas.pt\/loja\/wp-json\/wp\/v2\/media\/92705"}],"wp:attachment":[{"href":"https:\/\/casafreitas.pt\/loja\/wp-json\/wp\/v2\/media?parent=92706"}],"wp:term":[{"taxonomy":"product_brand","embeddable":true,"href":"https:\/\/casafreitas.pt\/loja\/wp-json\/wp\/v2\/product_brand?post=92706"},{"taxonomy":"product_cat","embeddable":true,"href":"https:\/\/casafreitas.pt\/loja\/wp-json\/wp\/v2\/product_cat?post=92706"},{"taxonomy":"product_tag","embeddable":true,"href":"https:\/\/casafreitas.pt\/loja\/wp-json\/wp\/v2\/product_tag?post=92706"}],"curies":[{"name":"wp","href":"https:\/\/api.w.org\/{rel}","templated":true}]}}