{"id":92442,"date":"2025-09-26T13:34:13","date_gmt":"2025-09-26T13:34:13","guid":{"rendered":"https:\/\/casafreitas.pt\/loja\/produto\/agua-stop-banda-impermeavel-butilo-telha-10-cm-x-10-m\/"},"modified":"2025-10-24T00:59:39","modified_gmt":"2025-10-24T00:59:39","slug":"agua-stop-banda-impermeavel-butilo-telha-10-cm-x-10-m","status":"publish","type":"product","link":"https:\/\/casafreitas.pt\/loja\/produto\/agua-stop-banda-impermeavel-butilo-telha-10-cm-x-10-m\/","title":{"rendered":"Agua stop banda impermeavel. butilo telha 10 cm x 10 m"},"content":{"rendered":"","protected":false},"excerpt":{"rendered":"<p>Agua stop banda impermeavel. butilo telha 10 cm x 10 m . produtos para repara\u00e7\u00f5es de emerg\u00eancia e definitivas solu\u00e7\u00f5es de efetividade total .aplica\u00e7\u00e3o sobre uma grande variedade de materiais<\/p>\n","protected":false},"featured_media":92441,"comment_status":"open","ping_status":"closed","template":"","meta":[],"product_brand":[],"product_cat":[17614,18004],"product_tag":[],"class_list":{"0":"post-92442","1":"product","2":"type-product","3":"status-publish","4":"has-post-thumbnail","6":"product_cat-outras-fitas-construcao","7":"product_cat-construcao","9":"first","10":"instock","11":"taxable","12":"shipping-taxable","13":"purchasable","14":"product-type-simple"},"_links":{"self":[{"href":"https:\/\/casafreitas.pt\/loja\/wp-json\/wp\/v2\/product\/92442","targetHints":{"allow":["GET"]}}],"collection":[{"href":"https:\/\/casafreitas.pt\/loja\/wp-json\/wp\/v2\/product"}],"about":[{"href":"https:\/\/casafreitas.pt\/loja\/wp-json\/wp\/v2\/types\/product"}],"replies":[{"embeddable":true,"href":"https:\/\/casafreitas.pt\/loja\/wp-json\/wp\/v2\/comments?post=92442"}],"version-history":[{"count":1,"href":"https:\/\/casafreitas.pt\/loja\/wp-json\/wp\/v2\/product\/92442\/revisions"}],"predecessor-version":[{"id":92443,"href":"https:\/\/casafreitas.pt\/loja\/wp-json\/wp\/v2\/product\/92442\/revisions\/92443"}],"wp:featuredmedia":[{"embeddable":true,"href":"https:\/\/casafreitas.pt\/loja\/wp-json\/wp\/v2\/media\/92441"}],"wp:attachment":[{"href":"https:\/\/casafreitas.pt\/loja\/wp-json\/wp\/v2\/media?parent=92442"}],"wp:term":[{"taxonomy":"product_brand","embeddable":true,"href":"https:\/\/casafreitas.pt\/loja\/wp-json\/wp\/v2\/product_brand?post=92442"},{"taxonomy":"product_cat","embeddable":true,"href":"https:\/\/casafreitas.pt\/loja\/wp-json\/wp\/v2\/product_cat?post=92442"},{"taxonomy":"product_tag","embeddable":true,"href":"https:\/\/casafreitas.pt\/loja\/wp-json\/wp\/v2\/product_tag?post=92442"}],"curies":[{"name":"wp","href":"https:\/\/api.w.org\/{rel}","templated":true}]}}