{"id":92367,"date":"2025-09-26T13:30:14","date_gmt":"2025-09-26T13:30:14","guid":{"rendered":"https:\/\/casafreitas.pt\/loja\/produto\/fita-metrica-3m-x-16mm-abs-standard-koma-tools\/"},"modified":"2025-10-24T00:59:35","modified_gmt":"2025-10-24T00:59:35","slug":"fita-metrica-3m-x-16mm-abs-standard-koma-tools","status":"publish","type":"product","link":"https:\/\/casafreitas.pt\/loja\/produto\/fita-metrica-3m-x-16mm-abs-standard-koma-tools\/","title":{"rendered":"Fita m\u00e9trica 3m x 16mm abs standard koma tools"},"content":{"rendered":"","protected":false},"excerpt":{"rendered":"<p>Fita m\u00e9trica 3m x 16mm abs standard koma tools. corpo fabricado em abs antideslizante. duas posi\u00e7\u00f5es de bloqueio, clip para cinto, espessura da fita 0,105mm, fita com numera\u00e7\u00e3o amarela acabamento mate.<\/p>\n","protected":false},"featured_media":92366,"comment_status":"open","ping_status":"closed","template":"","meta":[],"product_brand":[],"product_cat":[11488,13759],"product_tag":[],"class_list":{"0":"post-92367","1":"product","2":"type-product","3":"status-publish","4":"has-post-thumbnail","6":"product_cat-ferramentas","7":"product_cat-ferramentas-dispositivos-de-medicao-ferramentas","9":"first","10":"instock","11":"taxable","12":"shipping-taxable","13":"purchasable","14":"product-type-simple"},"_links":{"self":[{"href":"https:\/\/casafreitas.pt\/loja\/wp-json\/wp\/v2\/product\/92367","targetHints":{"allow":["GET"]}}],"collection":[{"href":"https:\/\/casafreitas.pt\/loja\/wp-json\/wp\/v2\/product"}],"about":[{"href":"https:\/\/casafreitas.pt\/loja\/wp-json\/wp\/v2\/types\/product"}],"replies":[{"embeddable":true,"href":"https:\/\/casafreitas.pt\/loja\/wp-json\/wp\/v2\/comments?post=92367"}],"version-history":[{"count":1,"href":"https:\/\/casafreitas.pt\/loja\/wp-json\/wp\/v2\/product\/92367\/revisions"}],"predecessor-version":[{"id":92368,"href":"https:\/\/casafreitas.pt\/loja\/wp-json\/wp\/v2\/product\/92367\/revisions\/92368"}],"wp:featuredmedia":[{"embeddable":true,"href":"https:\/\/casafreitas.pt\/loja\/wp-json\/wp\/v2\/media\/92366"}],"wp:attachment":[{"href":"https:\/\/casafreitas.pt\/loja\/wp-json\/wp\/v2\/media?parent=92367"}],"wp:term":[{"taxonomy":"product_brand","embeddable":true,"href":"https:\/\/casafreitas.pt\/loja\/wp-json\/wp\/v2\/product_brand?post=92367"},{"taxonomy":"product_cat","embeddable":true,"href":"https:\/\/casafreitas.pt\/loja\/wp-json\/wp\/v2\/product_cat?post=92367"},{"taxonomy":"product_tag","embeddable":true,"href":"https:\/\/casafreitas.pt\/loja\/wp-json\/wp\/v2\/product_tag?post=92367"}],"curies":[{"name":"wp","href":"https:\/\/api.w.org\/{rel}","templated":true}]}}