{"id":92082,"date":"2025-09-26T13:15:11","date_gmt":"2025-09-26T13:15:11","guid":{"rendered":"https:\/\/casafreitas.pt\/loja\/produto\/grelha-ventilacao-com-capota-abs-125mm-branca\/"},"modified":"2025-10-24T00:59:16","modified_gmt":"2025-10-24T00:59:16","slug":"grelha-ventilacao-com-capota-abs-125mm-branca","status":"publish","type":"product","link":"https:\/\/casafreitas.pt\/loja\/produto\/grelha-ventilacao-com-capota-abs-125mm-branca\/","title":{"rendered":"Grelha de ventila\u00e7\u00e3o com capota abs \u00f8 125mm branca"},"content":{"rendered":"","protected":false},"excerpt":{"rendered":"<p>Grelha de ventila\u00e7\u00e3o de pl\u00e1stico com cap\u00f4, tamanho interlock \u00f8 125mm, tamanho 170x170mm branco<\/p>\n","protected":false},"featured_media":92081,"comment_status":"open","ping_status":"closed","template":"","meta":[],"product_brand":[],"product_cat":[11488,17455],"product_tag":[],"class_list":{"0":"post-92082","1":"product","2":"type-product","3":"status-publish","4":"has-post-thumbnail","6":"product_cat-ferramentas","7":"product_cat-grelhas-ventilacao-ferramentas","9":"first","10":"instock","11":"taxable","12":"shipping-taxable","13":"purchasable","14":"product-type-simple"},"_links":{"self":[{"href":"https:\/\/casafreitas.pt\/loja\/wp-json\/wp\/v2\/product\/92082","targetHints":{"allow":["GET"]}}],"collection":[{"href":"https:\/\/casafreitas.pt\/loja\/wp-json\/wp\/v2\/product"}],"about":[{"href":"https:\/\/casafreitas.pt\/loja\/wp-json\/wp\/v2\/types\/product"}],"replies":[{"embeddable":true,"href":"https:\/\/casafreitas.pt\/loja\/wp-json\/wp\/v2\/comments?post=92082"}],"version-history":[{"count":1,"href":"https:\/\/casafreitas.pt\/loja\/wp-json\/wp\/v2\/product\/92082\/revisions"}],"predecessor-version":[{"id":92083,"href":"https:\/\/casafreitas.pt\/loja\/wp-json\/wp\/v2\/product\/92082\/revisions\/92083"}],"wp:featuredmedia":[{"embeddable":true,"href":"https:\/\/casafreitas.pt\/loja\/wp-json\/wp\/v2\/media\/92081"}],"wp:attachment":[{"href":"https:\/\/casafreitas.pt\/loja\/wp-json\/wp\/v2\/media?parent=92082"}],"wp:term":[{"taxonomy":"product_brand","embeddable":true,"href":"https:\/\/casafreitas.pt\/loja\/wp-json\/wp\/v2\/product_brand?post=92082"},{"taxonomy":"product_cat","embeddable":true,"href":"https:\/\/casafreitas.pt\/loja\/wp-json\/wp\/v2\/product_cat?post=92082"},{"taxonomy":"product_tag","embeddable":true,"href":"https:\/\/casafreitas.pt\/loja\/wp-json\/wp\/v2\/product_tag?post=92082"}],"curies":[{"name":"wp","href":"https:\/\/api.w.org\/{rel}","templated":true}]}}