{"id":92019,"date":"2025-09-26T13:11:46","date_gmt":"2025-09-26T13:11:46","guid":{"rendered":"https:\/\/casafreitas.pt\/loja\/produto\/difusor-entrada-redondo-o125x47mm-abs-branco\/"},"modified":"2025-10-24T00:59:12","modified_gmt":"2025-10-24T00:59:12","slug":"difusor-entrada-redondo-o125x47mm-abs-branco","status":"publish","type":"product","link":"https:\/\/casafreitas.pt\/loja\/produto\/difusor-entrada-redondo-o125x47mm-abs-branco\/","title":{"rendered":"Difusor de entrada redondo \u00f8125x47mm abs branco"},"content":{"rendered":"","protected":false},"excerpt":{"rendered":"<p>Difusor de encastrar redondo de pl\u00e1stico e alum\u00ednio, tamanho bloqueado \u00f8125x40mm tamanho \u00f8 165mm branco<\/p>\n","protected":false},"featured_media":92018,"comment_status":"open","ping_status":"closed","template":"","meta":[],"product_brand":[],"product_cat":[11488,17455],"product_tag":[],"class_list":{"0":"post-92019","1":"product","2":"type-product","3":"status-publish","4":"has-post-thumbnail","6":"product_cat-ferramentas","7":"product_cat-grelhas-ventilacao-ferramentas","9":"first","10":"instock","11":"taxable","12":"shipping-taxable","13":"purchasable","14":"product-type-simple"},"_links":{"self":[{"href":"https:\/\/casafreitas.pt\/loja\/wp-json\/wp\/v2\/product\/92019","targetHints":{"allow":["GET"]}}],"collection":[{"href":"https:\/\/casafreitas.pt\/loja\/wp-json\/wp\/v2\/product"}],"about":[{"href":"https:\/\/casafreitas.pt\/loja\/wp-json\/wp\/v2\/types\/product"}],"replies":[{"embeddable":true,"href":"https:\/\/casafreitas.pt\/loja\/wp-json\/wp\/v2\/comments?post=92019"}],"version-history":[{"count":1,"href":"https:\/\/casafreitas.pt\/loja\/wp-json\/wp\/v2\/product\/92019\/revisions"}],"predecessor-version":[{"id":92020,"href":"https:\/\/casafreitas.pt\/loja\/wp-json\/wp\/v2\/product\/92019\/revisions\/92020"}],"wp:featuredmedia":[{"embeddable":true,"href":"https:\/\/casafreitas.pt\/loja\/wp-json\/wp\/v2\/media\/92018"}],"wp:attachment":[{"href":"https:\/\/casafreitas.pt\/loja\/wp-json\/wp\/v2\/media?parent=92019"}],"wp:term":[{"taxonomy":"product_brand","embeddable":true,"href":"https:\/\/casafreitas.pt\/loja\/wp-json\/wp\/v2\/product_brand?post=92019"},{"taxonomy":"product_cat","embeddable":true,"href":"https:\/\/casafreitas.pt\/loja\/wp-json\/wp\/v2\/product_cat?post=92019"},{"taxonomy":"product_tag","embeddable":true,"href":"https:\/\/casafreitas.pt\/loja\/wp-json\/wp\/v2\/product_tag?post=92019"}],"curies":[{"name":"wp","href":"https:\/\/api.w.org\/{rel}","templated":true}]}}