{"id":91974,"date":"2025-09-26T13:09:20","date_gmt":"2025-09-26T13:09:20","guid":{"rendered":"https:\/\/casafreitas.pt\/loja\/produto\/grelha-ventilacao-rebativel-redonda-com-mosqueteiro-o100mm-abs-cinza-antracite\/"},"modified":"2025-10-24T00:59:09","modified_gmt":"2025-10-24T00:59:09","slug":"grelha-ventilacao-rebativel-redonda-com-mosqueteiro-o100mm-abs-cinza-antracite","status":"publish","type":"product","link":"https:\/\/casafreitas.pt\/loja\/produto\/grelha-ventilacao-rebativel-redonda-com-mosqueteiro-o100mm-abs-cinza-antracite\/","title":{"rendered":"Grelha de ventila\u00e7\u00e3o rebat\u00edvel redonda com mosqueteiro \u00f8100mm abs cinza antracite"},"content":{"rendered":"","protected":false},"excerpt":{"rendered":"<p>Grelha de ventila\u00e7\u00e3o redonda de pl\u00e1stico embutida com mosquito, tamanho bloqueado \u00f8100mm, tamanho 12,7mm cinza antracite<\/p>\n","protected":false},"featured_media":91973,"comment_status":"open","ping_status":"closed","template":"","meta":[],"product_brand":[],"product_cat":[11488,17455],"product_tag":[],"class_list":{"0":"post-91974","1":"product","2":"type-product","3":"status-publish","4":"has-post-thumbnail","6":"product_cat-ferramentas","7":"product_cat-grelhas-ventilacao-ferramentas","9":"first","10":"instock","11":"taxable","12":"shipping-taxable","13":"purchasable","14":"product-type-simple"},"_links":{"self":[{"href":"https:\/\/casafreitas.pt\/loja\/wp-json\/wp\/v2\/product\/91974","targetHints":{"allow":["GET"]}}],"collection":[{"href":"https:\/\/casafreitas.pt\/loja\/wp-json\/wp\/v2\/product"}],"about":[{"href":"https:\/\/casafreitas.pt\/loja\/wp-json\/wp\/v2\/types\/product"}],"replies":[{"embeddable":true,"href":"https:\/\/casafreitas.pt\/loja\/wp-json\/wp\/v2\/comments?post=91974"}],"version-history":[{"count":1,"href":"https:\/\/casafreitas.pt\/loja\/wp-json\/wp\/v2\/product\/91974\/revisions"}],"predecessor-version":[{"id":91975,"href":"https:\/\/casafreitas.pt\/loja\/wp-json\/wp\/v2\/product\/91974\/revisions\/91975"}],"wp:featuredmedia":[{"embeddable":true,"href":"https:\/\/casafreitas.pt\/loja\/wp-json\/wp\/v2\/media\/91973"}],"wp:attachment":[{"href":"https:\/\/casafreitas.pt\/loja\/wp-json\/wp\/v2\/media?parent=91974"}],"wp:term":[{"taxonomy":"product_brand","embeddable":true,"href":"https:\/\/casafreitas.pt\/loja\/wp-json\/wp\/v2\/product_brand?post=91974"},{"taxonomy":"product_cat","embeddable":true,"href":"https:\/\/casafreitas.pt\/loja\/wp-json\/wp\/v2\/product_cat?post=91974"},{"taxonomy":"product_tag","embeddable":true,"href":"https:\/\/casafreitas.pt\/loja\/wp-json\/wp\/v2\/product_tag?post=91974"}],"curies":[{"name":"wp","href":"https:\/\/api.w.org\/{rel}","templated":true}]}}