{"id":91962,"date":"2025-09-26T13:08:41","date_gmt":"2025-09-26T13:08:41","guid":{"rendered":"https:\/\/casafreitas.pt\/loja\/produto\/grelha-ventilacao-redonda-integrada-com-mosquito-o80mm-abs-cinzento-antracite\/"},"modified":"2025-10-24T00:59:08","modified_gmt":"2025-10-24T00:59:08","slug":"grelha-ventilacao-redonda-integrada-com-mosquito-o80mm-abs-cinzento-antracite","status":"publish","type":"product","link":"https:\/\/casafreitas.pt\/loja\/produto\/grelha-ventilacao-redonda-integrada-com-mosquito-o80mm-abs-cinzento-antracite\/","title":{"rendered":"Grelha de ventila\u00e7\u00e3o redonda integrada com mosquito \u00f880mm abs, cinzento antracite."},"content":{"rendered":"","protected":false},"excerpt":{"rendered":"<p>Grelha de ventila\u00e7\u00e3o redonda com inser\u00e7\u00e3o pl\u00e1stico com mosquit\u00e3o , medida de bloqueio: \u00f880mm, medida: 110mm, cor cinzento antracite.<\/p>\n","protected":false},"featured_media":91961,"comment_status":"open","ping_status":"closed","template":"","meta":[],"product_brand":[],"product_cat":[11488,17455],"product_tag":[],"class_list":{"0":"post-91962","1":"product","2":"type-product","3":"status-publish","4":"has-post-thumbnail","6":"product_cat-ferramentas","7":"product_cat-grelhas-ventilacao-ferramentas","9":"first","10":"instock","11":"taxable","12":"shipping-taxable","13":"purchasable","14":"product-type-simple"},"_links":{"self":[{"href":"https:\/\/casafreitas.pt\/loja\/wp-json\/wp\/v2\/product\/91962","targetHints":{"allow":["GET"]}}],"collection":[{"href":"https:\/\/casafreitas.pt\/loja\/wp-json\/wp\/v2\/product"}],"about":[{"href":"https:\/\/casafreitas.pt\/loja\/wp-json\/wp\/v2\/types\/product"}],"replies":[{"embeddable":true,"href":"https:\/\/casafreitas.pt\/loja\/wp-json\/wp\/v2\/comments?post=91962"}],"version-history":[{"count":1,"href":"https:\/\/casafreitas.pt\/loja\/wp-json\/wp\/v2\/product\/91962\/revisions"}],"predecessor-version":[{"id":91963,"href":"https:\/\/casafreitas.pt\/loja\/wp-json\/wp\/v2\/product\/91962\/revisions\/91963"}],"wp:featuredmedia":[{"embeddable":true,"href":"https:\/\/casafreitas.pt\/loja\/wp-json\/wp\/v2\/media\/91961"}],"wp:attachment":[{"href":"https:\/\/casafreitas.pt\/loja\/wp-json\/wp\/v2\/media?parent=91962"}],"wp:term":[{"taxonomy":"product_brand","embeddable":true,"href":"https:\/\/casafreitas.pt\/loja\/wp-json\/wp\/v2\/product_brand?post=91962"},{"taxonomy":"product_cat","embeddable":true,"href":"https:\/\/casafreitas.pt\/loja\/wp-json\/wp\/v2\/product_cat?post=91962"},{"taxonomy":"product_tag","embeddable":true,"href":"https:\/\/casafreitas.pt\/loja\/wp-json\/wp\/v2\/product_tag?post=91962"}],"curies":[{"name":"wp","href":"https:\/\/api.w.org\/{rel}","templated":true}]}}