{"id":91953,"date":"2025-09-26T13:08:12","date_gmt":"2025-09-26T13:08:12","guid":{"rendered":"https:\/\/casafreitas.pt\/loja\/produto\/grelha-ventilacao-redonda-com-insercao-abs-com-suspeito-o70mm-branco\/"},"modified":"2025-10-24T00:59:08","modified_gmt":"2025-10-24T00:59:08","slug":"grelha-ventilacao-redonda-com-insercao-abs-com-suspeito-o70mm-branco","status":"publish","type":"product","link":"https:\/\/casafreitas.pt\/loja\/produto\/grelha-ventilacao-redonda-com-insercao-abs-com-suspeito-o70mm-branco\/","title":{"rendered":"Grelha de ventila\u00e7\u00e3o redonda com inser\u00e7\u00e3o, abs, com suspeito \u00f870mm branco"},"content":{"rendered":"","protected":false},"excerpt":{"rendered":"<p>Grelha de ventila\u00e7\u00e3o redonda com inser\u00e7\u00e3o pl\u00e1stico com suspeito, medida de bloqueio: \u00f870mm, medida: \u00f8100mm, cor branco<\/p>\n","protected":false},"featured_media":91952,"comment_status":"open","ping_status":"closed","template":"","meta":[],"product_brand":[],"product_cat":[11488,17455],"product_tag":[],"class_list":{"0":"post-91953","1":"product","2":"type-product","3":"status-publish","4":"has-post-thumbnail","6":"product_cat-ferramentas","7":"product_cat-grelhas-ventilacao-ferramentas","9":"first","10":"instock","11":"taxable","12":"shipping-taxable","13":"purchasable","14":"product-type-simple"},"_links":{"self":[{"href":"https:\/\/casafreitas.pt\/loja\/wp-json\/wp\/v2\/product\/91953","targetHints":{"allow":["GET"]}}],"collection":[{"href":"https:\/\/casafreitas.pt\/loja\/wp-json\/wp\/v2\/product"}],"about":[{"href":"https:\/\/casafreitas.pt\/loja\/wp-json\/wp\/v2\/types\/product"}],"replies":[{"embeddable":true,"href":"https:\/\/casafreitas.pt\/loja\/wp-json\/wp\/v2\/comments?post=91953"}],"version-history":[{"count":1,"href":"https:\/\/casafreitas.pt\/loja\/wp-json\/wp\/v2\/product\/91953\/revisions"}],"predecessor-version":[{"id":91954,"href":"https:\/\/casafreitas.pt\/loja\/wp-json\/wp\/v2\/product\/91953\/revisions\/91954"}],"wp:featuredmedia":[{"embeddable":true,"href":"https:\/\/casafreitas.pt\/loja\/wp-json\/wp\/v2\/media\/91952"}],"wp:attachment":[{"href":"https:\/\/casafreitas.pt\/loja\/wp-json\/wp\/v2\/media?parent=91953"}],"wp:term":[{"taxonomy":"product_brand","embeddable":true,"href":"https:\/\/casafreitas.pt\/loja\/wp-json\/wp\/v2\/product_brand?post=91953"},{"taxonomy":"product_cat","embeddable":true,"href":"https:\/\/casafreitas.pt\/loja\/wp-json\/wp\/v2\/product_cat?post=91953"},{"taxonomy":"product_tag","embeddable":true,"href":"https:\/\/casafreitas.pt\/loja\/wp-json\/wp\/v2\/product_tag?post=91953"}],"curies":[{"name":"wp","href":"https:\/\/api.w.org\/{rel}","templated":true}]}}