{"id":91644,"date":"2025-09-26T12:52:41","date_gmt":"2025-09-26T12:52:41","guid":{"rendered":"https:\/\/casafreitas.pt\/loja\/produto\/fita-tirante-190-aco-para-lamina-pvc-2-unidades\/"},"modified":"2025-10-24T00:58:48","modified_gmt":"2025-10-24T00:58:48","slug":"fita-tirante-190-aco-para-lamina-pvc-2-unidades","status":"publish","type":"product","link":"https:\/\/casafreitas.pt\/loja\/produto\/fita-tirante-190-aco-para-lamina-pvc-2-unidades\/","title":{"rendered":"Fita tirante 190 de a\u00e7o para l\u00e2mina pvc, 2 unidades"},"content":{"rendered":"","protected":false},"excerpt":{"rendered":"<p>Fita tirante 190 de a\u00e7o para l\u00e2mina pvc, 2 unidades<\/p>\n","protected":false},"featured_media":91643,"comment_status":"open","ping_status":"closed","template":"","meta":[],"product_brand":[],"product_cat":[17718,18003],"product_tag":[],"class_list":{"0":"post-91644","1":"product","2":"type-product","3":"status-publish","4":"has-post-thumbnail","6":"product_cat-paragens-laminas-casa-e-decoracao","7":"product_cat-casa-decoracao","9":"first","10":"instock","11":"taxable","12":"shipping-taxable","13":"purchasable","14":"product-type-simple"},"_links":{"self":[{"href":"https:\/\/casafreitas.pt\/loja\/wp-json\/wp\/v2\/product\/91644","targetHints":{"allow":["GET"]}}],"collection":[{"href":"https:\/\/casafreitas.pt\/loja\/wp-json\/wp\/v2\/product"}],"about":[{"href":"https:\/\/casafreitas.pt\/loja\/wp-json\/wp\/v2\/types\/product"}],"replies":[{"embeddable":true,"href":"https:\/\/casafreitas.pt\/loja\/wp-json\/wp\/v2\/comments?post=91644"}],"version-history":[{"count":1,"href":"https:\/\/casafreitas.pt\/loja\/wp-json\/wp\/v2\/product\/91644\/revisions"}],"predecessor-version":[{"id":91645,"href":"https:\/\/casafreitas.pt\/loja\/wp-json\/wp\/v2\/product\/91644\/revisions\/91645"}],"wp:featuredmedia":[{"embeddable":true,"href":"https:\/\/casafreitas.pt\/loja\/wp-json\/wp\/v2\/media\/91643"}],"wp:attachment":[{"href":"https:\/\/casafreitas.pt\/loja\/wp-json\/wp\/v2\/media?parent=91644"}],"wp:term":[{"taxonomy":"product_brand","embeddable":true,"href":"https:\/\/casafreitas.pt\/loja\/wp-json\/wp\/v2\/product_brand?post=91644"},{"taxonomy":"product_cat","embeddable":true,"href":"https:\/\/casafreitas.pt\/loja\/wp-json\/wp\/v2\/product_cat?post=91644"},{"taxonomy":"product_tag","embeddable":true,"href":"https:\/\/casafreitas.pt\/loja\/wp-json\/wp\/v2\/product_tag?post=91644"}],"curies":[{"name":"wp","href":"https:\/\/api.w.org\/{rel}","templated":true}]}}