{"id":91458,"date":"2025-09-26T12:43:09","date_gmt":"2025-09-26T12:43:09","guid":{"rendered":"https:\/\/casafreitas.pt\/loja\/produto\/tampa-coletor-distancia-perfuracao-17cm\/"},"modified":"2025-10-24T00:58:41","modified_gmt":"2025-10-24T00:58:41","slug":"tampa-coletor-distancia-perfuracao-17cm","status":"publish","type":"product","link":"https:\/\/casafreitas.pt\/loja\/produto\/tampa-coletor-distancia-perfuracao-17cm\/","title":{"rendered":"Tampa do coletor (dist\u00e2ncia de perfura\u00e7\u00e3o 17cm)"},"content":{"rendered":"","protected":false},"excerpt":{"rendered":"<p>Tampa do coletor (dist\u00e2ncia de perfura\u00e7\u00e3o 17cm)<\/p>\n","protected":false},"featured_media":91457,"comment_status":"open","ping_status":"closed","template":"","meta":[],"product_brand":[],"product_cat":[17720,18003],"product_tag":[],"class_list":{"0":"post-91458","1":"product","2":"type-product","3":"status-publish","4":"has-post-thumbnail","6":"product_cat-placas-pas-casa-e-decoracao","7":"product_cat-casa-decoracao","9":"first","10":"instock","11":"taxable","12":"shipping-taxable","13":"purchasable","14":"product-type-simple"},"_links":{"self":[{"href":"https:\/\/casafreitas.pt\/loja\/wp-json\/wp\/v2\/product\/91458","targetHints":{"allow":["GET"]}}],"collection":[{"href":"https:\/\/casafreitas.pt\/loja\/wp-json\/wp\/v2\/product"}],"about":[{"href":"https:\/\/casafreitas.pt\/loja\/wp-json\/wp\/v2\/types\/product"}],"replies":[{"embeddable":true,"href":"https:\/\/casafreitas.pt\/loja\/wp-json\/wp\/v2\/comments?post=91458"}],"version-history":[{"count":1,"href":"https:\/\/casafreitas.pt\/loja\/wp-json\/wp\/v2\/product\/91458\/revisions"}],"predecessor-version":[{"id":91459,"href":"https:\/\/casafreitas.pt\/loja\/wp-json\/wp\/v2\/product\/91458\/revisions\/91459"}],"wp:featuredmedia":[{"embeddable":true,"href":"https:\/\/casafreitas.pt\/loja\/wp-json\/wp\/v2\/media\/91457"}],"wp:attachment":[{"href":"https:\/\/casafreitas.pt\/loja\/wp-json\/wp\/v2\/media?parent=91458"}],"wp:term":[{"taxonomy":"product_brand","embeddable":true,"href":"https:\/\/casafreitas.pt\/loja\/wp-json\/wp\/v2\/product_brand?post=91458"},{"taxonomy":"product_cat","embeddable":true,"href":"https:\/\/casafreitas.pt\/loja\/wp-json\/wp\/v2\/product_cat?post=91458"},{"taxonomy":"product_tag","embeddable":true,"href":"https:\/\/casafreitas.pt\/loja\/wp-json\/wp\/v2\/product_tag?post=91458"}],"curies":[{"name":"wp","href":"https:\/\/api.w.org\/{rel}","templated":true}]}}