{"id":90216,"date":"2025-09-26T11:31:04","date_gmt":"2025-09-26T11:31:04","guid":{"rendered":"https:\/\/casafreitas.pt\/loja\/produto\/embalagem-4-unidades-guarnicao-em-latao-com-rosca-lisa-14-mm-niquel\/"},"modified":"2025-10-24T00:57:27","modified_gmt":"2025-10-24T00:57:27","slug":"embalagem-4-unidades-guarnicao-em-latao-com-rosca-lisa-14-mm-niquel","status":"publish","type":"product","link":"https:\/\/casafreitas.pt\/loja\/produto\/embalagem-4-unidades-guarnicao-em-latao-com-rosca-lisa-14-mm-niquel\/","title":{"rendered":"Embalagem 4 unidades. guarni\u00e7\u00e3o em lat\u00e3o com rosca lisa 14 mm n\u00edquel"},"content":{"rendered":"","protected":false},"excerpt":{"rendered":"<p>Embalagem 4 unidades. guarni\u00e7\u00e3o em lat\u00e3o com rosca lisa 14 mm n\u00edquel<\/p>\n","protected":false},"featured_media":90215,"comment_status":"open","ping_status":"closed","template":"","meta":[],"product_brand":[],"product_cat":[11488,17452],"product_tag":[],"class_list":{"0":"post-90216","1":"product","2":"type-product","3":"status-publish","4":"has-post-thumbnail","6":"product_cat-ferramentas","7":"product_cat-ganchos-de-trims-s-ferramentas","9":"first","10":"instock","11":"taxable","12":"shipping-taxable","13":"purchasable","14":"product-type-simple"},"_links":{"self":[{"href":"https:\/\/casafreitas.pt\/loja\/wp-json\/wp\/v2\/product\/90216","targetHints":{"allow":["GET"]}}],"collection":[{"href":"https:\/\/casafreitas.pt\/loja\/wp-json\/wp\/v2\/product"}],"about":[{"href":"https:\/\/casafreitas.pt\/loja\/wp-json\/wp\/v2\/types\/product"}],"replies":[{"embeddable":true,"href":"https:\/\/casafreitas.pt\/loja\/wp-json\/wp\/v2\/comments?post=90216"}],"version-history":[{"count":1,"href":"https:\/\/casafreitas.pt\/loja\/wp-json\/wp\/v2\/product\/90216\/revisions"}],"predecessor-version":[{"id":90217,"href":"https:\/\/casafreitas.pt\/loja\/wp-json\/wp\/v2\/product\/90216\/revisions\/90217"}],"wp:featuredmedia":[{"embeddable":true,"href":"https:\/\/casafreitas.pt\/loja\/wp-json\/wp\/v2\/media\/90215"}],"wp:attachment":[{"href":"https:\/\/casafreitas.pt\/loja\/wp-json\/wp\/v2\/media?parent=90216"}],"wp:term":[{"taxonomy":"product_brand","embeddable":true,"href":"https:\/\/casafreitas.pt\/loja\/wp-json\/wp\/v2\/product_brand?post=90216"},{"taxonomy":"product_cat","embeddable":true,"href":"https:\/\/casafreitas.pt\/loja\/wp-json\/wp\/v2\/product_cat?post=90216"},{"taxonomy":"product_tag","embeddable":true,"href":"https:\/\/casafreitas.pt\/loja\/wp-json\/wp\/v2\/product_tag?post=90216"}],"curies":[{"name":"wp","href":"https:\/\/api.w.org\/{rel}","templated":true}]}}