{"id":90210,"date":"2025-09-26T11:30:40","date_gmt":"2025-09-26T11:30:40","guid":{"rendered":"https:\/\/casafreitas.pt\/loja\/produto\/pack-4-unidades-decoracao-em-latao-rosca-lisa-12-mm-polido\/"},"modified":"2025-10-24T00:57:26","modified_gmt":"2025-10-24T00:57:26","slug":"pack-4-unidades-decoracao-em-latao-rosca-lisa-12-mm-polido","status":"publish","type":"product","link":"https:\/\/casafreitas.pt\/loja\/produto\/pack-4-unidades-decoracao-em-latao-rosca-lisa-12-mm-polido\/","title":{"rendered":"Pack 4 unidades decora\u00e7\u00e3o em lat\u00e3o rosca lisa 12 mm polido"},"content":{"rendered":"","protected":false},"excerpt":{"rendered":"<p>Pack 4 unidades decora\u00e7\u00e3o em lat\u00e3o rosca lisa 12 mm polido<\/p>\n","protected":false},"featured_media":90209,"comment_status":"open","ping_status":"closed","template":"","meta":[],"product_brand":[],"product_cat":[11488,17452],"product_tag":[],"class_list":{"0":"post-90210","1":"product","2":"type-product","3":"status-publish","4":"has-post-thumbnail","6":"product_cat-ferramentas","7":"product_cat-ganchos-de-trims-s-ferramentas","9":"first","10":"instock","11":"taxable","12":"shipping-taxable","13":"purchasable","14":"product-type-simple"},"_links":{"self":[{"href":"https:\/\/casafreitas.pt\/loja\/wp-json\/wp\/v2\/product\/90210","targetHints":{"allow":["GET"]}}],"collection":[{"href":"https:\/\/casafreitas.pt\/loja\/wp-json\/wp\/v2\/product"}],"about":[{"href":"https:\/\/casafreitas.pt\/loja\/wp-json\/wp\/v2\/types\/product"}],"replies":[{"embeddable":true,"href":"https:\/\/casafreitas.pt\/loja\/wp-json\/wp\/v2\/comments?post=90210"}],"version-history":[{"count":1,"href":"https:\/\/casafreitas.pt\/loja\/wp-json\/wp\/v2\/product\/90210\/revisions"}],"predecessor-version":[{"id":90211,"href":"https:\/\/casafreitas.pt\/loja\/wp-json\/wp\/v2\/product\/90210\/revisions\/90211"}],"wp:featuredmedia":[{"embeddable":true,"href":"https:\/\/casafreitas.pt\/loja\/wp-json\/wp\/v2\/media\/90209"}],"wp:attachment":[{"href":"https:\/\/casafreitas.pt\/loja\/wp-json\/wp\/v2\/media?parent=90210"}],"wp:term":[{"taxonomy":"product_brand","embeddable":true,"href":"https:\/\/casafreitas.pt\/loja\/wp-json\/wp\/v2\/product_brand?post=90210"},{"taxonomy":"product_cat","embeddable":true,"href":"https:\/\/casafreitas.pt\/loja\/wp-json\/wp\/v2\/product_cat?post=90210"},{"taxonomy":"product_tag","embeddable":true,"href":"https:\/\/casafreitas.pt\/loja\/wp-json\/wp\/v2\/product_tag?post=90210"}],"curies":[{"name":"wp","href":"https:\/\/api.w.org\/{rel}","templated":true}]}}