{"id":89739,"date":"2025-09-26T10:58:07","date_gmt":"2025-09-26T10:58:07","guid":{"rendered":"https:\/\/casafreitas.pt\/loja\/produto\/lixadora-orbital-150w-1-3-blackdecker\/"},"modified":"2025-10-24T00:56:57","modified_gmt":"2025-10-24T00:56:57","slug":"lixadora-orbital-150w-1-3-blackdecker","status":"publish","type":"product","link":"https:\/\/casafreitas.pt\/loja\/produto\/lixadora-orbital-150w-1-3-blackdecker\/","title":{"rendered":"Lixadora orbital 150w de 1\/3 black+decker"},"content":{"rendered":"","protected":false},"excerpt":{"rendered":"<p>Lixadora orbital 150w de 1\/3 bew220-qs black+decker. velocidade 14.000rpm, \u00f3rbita 2mm, l\u00e2mina 230x92mm. inclui 1 folha de lixo. n\u00edvel de pot\u00eancia de som: 85db. inclui coleta de p\u00f3 polsa. \u00e9 perfeito para lixar tarefas em grandes superf\u00edcies. 2m cabo. 230v<\/p>\n","protected":false},"featured_media":89738,"comment_status":"open","ping_status":"closed","template":"","meta":[],"product_brand":[],"product_cat":[11488,17463],"product_tag":[],"class_list":{"0":"post-89739","1":"product","2":"type-product","3":"status-publish","4":"has-post-thumbnail","6":"product_cat-ferramentas","7":"product_cat-lixadeiras-ferramentas","9":"first","10":"instock","11":"taxable","12":"shipping-taxable","13":"purchasable","14":"product-type-simple"},"_links":{"self":[{"href":"https:\/\/casafreitas.pt\/loja\/wp-json\/wp\/v2\/product\/89739","targetHints":{"allow":["GET"]}}],"collection":[{"href":"https:\/\/casafreitas.pt\/loja\/wp-json\/wp\/v2\/product"}],"about":[{"href":"https:\/\/casafreitas.pt\/loja\/wp-json\/wp\/v2\/types\/product"}],"replies":[{"embeddable":true,"href":"https:\/\/casafreitas.pt\/loja\/wp-json\/wp\/v2\/comments?post=89739"}],"version-history":[{"count":1,"href":"https:\/\/casafreitas.pt\/loja\/wp-json\/wp\/v2\/product\/89739\/revisions"}],"predecessor-version":[{"id":89740,"href":"https:\/\/casafreitas.pt\/loja\/wp-json\/wp\/v2\/product\/89739\/revisions\/89740"}],"wp:featuredmedia":[{"embeddable":true,"href":"https:\/\/casafreitas.pt\/loja\/wp-json\/wp\/v2\/media\/89738"}],"wp:attachment":[{"href":"https:\/\/casafreitas.pt\/loja\/wp-json\/wp\/v2\/media?parent=89739"}],"wp:term":[{"taxonomy":"product_brand","embeddable":true,"href":"https:\/\/casafreitas.pt\/loja\/wp-json\/wp\/v2\/product_brand?post=89739"},{"taxonomy":"product_cat","embeddable":true,"href":"https:\/\/casafreitas.pt\/loja\/wp-json\/wp\/v2\/product_cat?post=89739"},{"taxonomy":"product_tag","embeddable":true,"href":"https:\/\/casafreitas.pt\/loja\/wp-json\/wp\/v2\/product_tag?post=89739"}],"curies":[{"name":"wp","href":"https:\/\/api.w.org\/{rel}","templated":true}]}}