{"id":89655,"date":"2025-09-26T10:53:41","date_gmt":"2025-09-26T10:53:41","guid":{"rendered":"https:\/\/casafreitas.pt\/loja\/produto\/serra-tico-tico-sem-fios-sa400-400-w\/"},"modified":"2025-10-24T00:56:52","modified_gmt":"2025-10-24T00:56:52","slug":"serra-tico-tico-sem-fios-sa400-400-w","status":"publish","type":"product","link":"https:\/\/casafreitas.pt\/loja\/produto\/serra-tico-tico-sem-fios-sa400-400-w\/","title":{"rendered":"Serra tico-tico sem fios sa400 400 w"},"content":{"rendered":"","protected":false},"excerpt":{"rendered":"<p>Serra tico-tico sem fios, pot\u00eancia: 400 w, 230 &#8211; 240 v, velocidade sem carga: 3000 rpm, capacidade de corte em madeira: 55 mm, capacidade de corte em a\u00e7o: 4 mm, capacidade de corte em alum\u00ednio: 8 mm. cabo ergon\u00f3mico com revestimento soft touch, bot\u00e3o de bloqueio de funcionamento, cortes em esquadria at\u00e9 45\u00b0 para a direita e esquerda, cortes rentes, movimento da placa lateral e frente, adequada para l\u00e2minas de corte com fixa\u00e7\u00e3o em &#8220;t&#8221; e &#8220;u&#8221;. cabo de 2 m. acess\u00f3rios inclu\u00eddos: serra de corte universal, adaptador para aspirador de p\u00f3, chave allen e escovas<\/p>\n","protected":false},"featured_media":89654,"comment_status":"open","ping_status":"closed","template":"","meta":[],"product_brand":[],"product_cat":[11488,17860],"product_tag":[12709],"class_list":{"0":"post-89655","1":"product","2":"type-product","3":"status-publish","4":"has-post-thumbnail","6":"product_cat-ferramentas","7":"product_cat-serras-jardim-e-espaco-exterior","8":"product_tag-casals","10":"first","11":"instock","12":"taxable","13":"shipping-taxable","14":"purchasable","15":"product-type-simple"},"_links":{"self":[{"href":"https:\/\/casafreitas.pt\/loja\/wp-json\/wp\/v2\/product\/89655","targetHints":{"allow":["GET"]}}],"collection":[{"href":"https:\/\/casafreitas.pt\/loja\/wp-json\/wp\/v2\/product"}],"about":[{"href":"https:\/\/casafreitas.pt\/loja\/wp-json\/wp\/v2\/types\/product"}],"replies":[{"embeddable":true,"href":"https:\/\/casafreitas.pt\/loja\/wp-json\/wp\/v2\/comments?post=89655"}],"version-history":[{"count":1,"href":"https:\/\/casafreitas.pt\/loja\/wp-json\/wp\/v2\/product\/89655\/revisions"}],"predecessor-version":[{"id":89656,"href":"https:\/\/casafreitas.pt\/loja\/wp-json\/wp\/v2\/product\/89655\/revisions\/89656"}],"wp:featuredmedia":[{"embeddable":true,"href":"https:\/\/casafreitas.pt\/loja\/wp-json\/wp\/v2\/media\/89654"}],"wp:attachment":[{"href":"https:\/\/casafreitas.pt\/loja\/wp-json\/wp\/v2\/media?parent=89655"}],"wp:term":[{"taxonomy":"product_brand","embeddable":true,"href":"https:\/\/casafreitas.pt\/loja\/wp-json\/wp\/v2\/product_brand?post=89655"},{"taxonomy":"product_cat","embeddable":true,"href":"https:\/\/casafreitas.pt\/loja\/wp-json\/wp\/v2\/product_cat?post=89655"},{"taxonomy":"product_tag","embeddable":true,"href":"https:\/\/casafreitas.pt\/loja\/wp-json\/wp\/v2\/product_tag?post=89655"}],"curies":[{"name":"wp","href":"https:\/\/api.w.org\/{rel}","templated":true}]}}